{"id":601,"date":"2021-09-25T21:00:46","date_gmt":"2021-09-25T21:00:46","guid":{"rendered":"http:\/\/wordpress.zpswr.o12.pl\/?page_id=601"},"modified":"2021-09-25T21:00:46","modified_gmt":"2021-09-25T21:00:46","slug":"stan-dostepnosci-raport-2","status":"publish","type":"page","link":"https:\/\/wordpress.zpswr.o12.pl\/index.php\/stan-dostepnosci-raport-2\/","title":{"rendered":"Stan dost\u0119pno\u015bci &#8211; raport"},"content":{"rendered":"\n<h4 class=\"wp-block-heading\">MINISTERSTWO FUNDUSZY I POLITYKI REGIONALNEJ<\/h4>\n\n\n\n<h6 class=\"wp-block-heading\">Wsp\u00f3lna 2\/4, 00-926 Warszawa<\/h6>\n\n\n\n<h2 class=\"wp-block-heading\">Raport o stanie zapewniania dost\u0119pno\u015bci podmiotu publicznego<\/h2>\n\n\n\n<p>Nazwa i adres podmiotu publicznego<\/p>\n\n\n\n<h2 class=\"wp-block-heading\">ZESP\u00d3\u0141 PLAC\u00d3WEK SZKOLNO &#8211; WYCHOWAWCZO &#8211; REWALIDACYJNYCH W WODZIS\u0141AWIU \u015aL\u0104SKIM<\/h2>\n\n\n\n<p>Numer identyfikacyjny REGON<\/p>\n\n\n\n<p>24165108000000<\/p>\n\n\n\n<p>Stan w dniu 01.01.2021 r.<\/p>\n\n\n\n<p>Termin przekazania: do 31.03.2021 r.<\/p>\n\n\n\n<p>Dane kontaktowe E-mail sekretariatu podmiotu<\/p>\n\n\n\n<p><a href=\"mailto:szkola@zpswr.wodzislaw.pl\">szkola@zpswr.wodzislaw.pl<\/a><\/p>\n\n\n\n<p>E-mail kontaktowy osoby, kt\u00f3ra wype\u0142ni\u0142a formularz<\/p>\n\n\n\n<p><a href=\"mailto:ksiegowosc@zpswr.wodzislaw.pl\">ksiegowosc@zpswr.wodzislaw.pl<\/a><\/p>\n\n\n\n<p>Telefon kontaktowy<\/p>\n\n\n\n<p>324552300<\/p>\n\n\n\n<p>Data<\/p>\n\n\n\n<p>2021-03-18<\/p>\n\n\n\n<p>Miejscowo\u015b\u0107<\/p>\n\n\n\n<p>Wodzis\u0142aw \u015al\u0105ski<\/p>\n\n\n\n<p>Lokalizacja siedziby podmiotu Wojew\u00f3dztwo<\/p>\n\n\n\n<p>WOJ. \u015aL\u0104SKIE Powiat<\/p>\n\n\n\n<p>Powiat wodzis\u0142awski Gmina<\/p>\n\n\n\n<p>Wodzis\u0142aw \u015al\u0105ski (gmina miejska)<\/p>\n\n\n\n<p>Podmiot zobowi\u0105zany do z\u0142o\u017cenia raportu o stanie dost\u0119pno\u015bci na podstawie art. 11 ust. 4. ustawy o zapewnianiu dost\u0119pno\u015bci osobom ze szczeg\u00f3lnymi potrzebami (UzD) do:[ X ] 2) wojewody<\/p>\n\n\n\n<h3 class=\"wp-block-heading\">DZIA\u0141 1. DOST\u0118PNO\u015a\u0106 ARCHITEKTONICZNA<\/h3>\n\n\n\n<p>Liczba budynk\u00f3w, w kt\u00f3rych podmiot prowadzi podstawow\u0105 dzia\u0142alno\u015b\u0107 i\/lub obs\u0142ug\u0119 interesant\u00f3w:4<\/p>\n\n\n\n<ol class=\"wp-block-list\"><li>Czy podmiot zapewnia w tym budynku (tych budynkach) wolne od barier poziome i pionowe przestrzenie komunikacyjne ? [ X ] TAK<\/li><li>Czy podmiot zastosowa\u0142 w tym budynku (tych budynkach) rozwi\u0105zania architektoniczne, \u015brodki techniczne lub posiada zainstalowane urz\u0105dzenia, kt\u00f3re umo\u017cliwiaj\u0105 dost\u0119p do wszystkich pomieszcze\u0144, z wy\u0142\u0105czeniem pomieszcze\u0144 technicznych? [ X ] TAK<\/li><li>Czy podmiot zapewnia w tym budynku (tych budynkach) informacj\u0119 na temat rozk\u0142adu pomieszcze\u0144, co najmniej w spos\u00f3b wizualny i dotykowy lub g\u0142osowy? [ X ] NIE<\/li><li>Czy podmiot zapewnia (umo\u017cliwia, dopuszcza) wst\u0119p do tego budynku (tych budynk\u00f3w) osobie korzystaj\u0105cej z psa asystuj\u0105cego? [ X ] TAK<\/li><li>Czy podmiot zapewnia w przypadku tego budynku (tych budynk\u00f3w) osobom ze szczeg\u00f3lnymi potrzebami mo\u017cliwo\u015b\u0107 ewakuacji lub uratowania w inny spos\u00f3b? [ X ] TAK<\/li><\/ol>\n\n\n\n<p>Komentarze i uwagi dotycz\u0105ce dost\u0119pno\u015bci architektonicznej<\/p>\n\n\n\n<p>Raport dotyczy wszystkich jednostek funkcjonuj\u0105cych w ramach ZPSWR. ZPSWR w Wodzis\u0142awiu \u015al\u0105skim mie\u015bci si\u0119 przy ul. Kopernika 71 w kompleksie 4 budynk\u00f3w A,B,C,D, kt\u00f3re s\u0105 ze sob\u0105 po\u0142\u0105czone. Wej\u015bcie g\u0142\u00f3wne do budynku A posiada podjazd dla os\u00f3b niepe\u0142nosprawnych ruchowo. Budynek C posiada platform\u0119 dla os\u00f3b niepe\u0142nosprawnych z dost\u0119pem do wszystkich kondygnacji. W pozosta\u0142ych budynkach dost\u0119p do r\u00f3\u017cnych kondygnacji, po przygotowaniu, jest mo\u017cliwy z pomoc\u0105 schodo\u0142azu. Budynki A,B,C posiadaj\u0105 toalety z udogodnieniami dla os\u00f3b niepe\u0142nosprawnych. Informacja o rozk\u0142adzie pomieszcze\u0144 dost\u0119pna jest przez dy\u017curuj\u0105cego pracownika. W budynku B,C s\u0105 prysznice z udogodnieniem dla os\u00f3b niepe\u0142nosprawnych. Na parkingu zewn\u0119trznym s\u0105 oznakowane miejsca parkingowe dla os\u00f3b niepe\u0142nosprawnych. W ci\u0105gach komunikacyjnych nie ma przeszk\u00f3d architektonicznych w postaci prog\u00f3w, uskok\u00f3w itp.<\/p>\n\n\n\n<h3 class=\"wp-block-heading\">DZIA\u0141 2. DOST\u0118PNO\u015a\u0106 CYFROWA<\/h3>\n\n\n\n<ol class=\"wp-block-list\"><li>Liczba prowadzonych stron internetowych i udost\u0119pnianych aplikacji mobilnych, dla kt\u00f3rych podmiot posiada deklaracj\u0119 dost\u0119pno\u015bci<\/li><\/ol>\n\n\n\n<p>Liczba stron:&nbsp;&nbsp;&nbsp;&nbsp;&nbsp; 0<\/p>\n\n\n\n<p>Liczba aplikacji: 0<\/p>\n\n\n\n<p>Strony internetowe i aplikacje mobilne, dla kt\u00f3rych podmiot posiada deklaracj\u0119 dost\u0119pno\u015bci<\/p>\n\n\n\n<ol class=\"wp-block-list\" start=\"2\"><li>Liczba prowadzonych stron internetowych i udost\u0119pnianych aplikacji mobilnych, dla kt\u00f3rych podmiot nie posiada deklaracji dost\u0119pno\u015bci<\/li><\/ol>\n\n\n\n<p>Liczba stron:&nbsp;&nbsp;&nbsp;&nbsp;&nbsp; 1<\/p>\n\n\n\n<p>Liczba aplikacji: 0<\/p>\n\n\n\n<p>Prosimy o podanie informacji dotycz\u0105cych stron, dla kt\u00f3rych podmiot nie posiada deklaracji dost\u0119pno\u015bci:<\/p>\n\n\n\n<p>Adres strony internetowej&nbsp;&nbsp;&nbsp;&nbsp;&nbsp;&nbsp;&nbsp;&nbsp; www.zpswr.wodzislaw.pl<\/p>\n\n\n\n<p>Zgodno\u015b\u0107 z UdC&nbsp;&nbsp;&nbsp;&nbsp;&nbsp;&nbsp;&nbsp;&nbsp;&nbsp;&nbsp;&nbsp;&nbsp;&nbsp;&nbsp; [ X ] Cz\u0119\u015bciowo zgodna<\/p>\n\n\n\n<p>Prosimy o podanie informacji dotycz\u0105cych aplikacji, dla kt\u00f3rych podmiot nie posiada deklaracji dost\u0119pno\u015bci: Komentarze i uwagi dotycz\u0105ce dost\u0119pno\u015bci cyfrowej<\/p>\n\n\n\n<p>Strona www.zpswr.wodzislaw.pl cz\u0119\u015bciowo przygotowana na odczytywanie teksu g\u0142osowo. Przeprowadzono pr\u00f3b\u0119 poprzez przegl\u0105dark\u0119 Microsoft Edge &#8211; funkcja czytaj g\u0142os (skr\u00f3t Ctrl+Shift+U).<\/p>\n\n\n\n<h3 class=\"wp-block-heading\">DZIA\u0141 3. DOST\u0118PNO\u015a\u0106 INFORMACYJNO-KOMUNIKACYJNA<\/h3>\n\n\n\n<ol class=\"wp-block-list\"><li>Czy podmiot zapewnia osobom ze szczeg\u00f3lnymi potrzebami obs\u0142ug\u0119 z wykorzystaniem ni\u017cej wymienionych sposob\u00f3w\/\u015brodk\u00f3w wspieraj\u0105cych komunikowanie si\u0119?<ol><li>Kontakt telefoniczny [X] TAK<\/li><li>Kontakt korespondencyjny [X] TAK<\/li><li>Przesy\u0142anie wiadomo\u015bci tekstowych, w tym z wykorzystaniem wiadomo\u015bci<\/li><\/ol><\/li><\/ol>\n\n\n\n<p>SMS, MMS lub komunikator\u00f3w internetowych&nbsp;&nbsp;&nbsp;&nbsp;&nbsp;&nbsp;&nbsp;&nbsp;&nbsp;&nbsp;&nbsp;&nbsp;&nbsp;&nbsp; [X] NIE<\/p>\n\n\n\n<ol class=\"wp-block-list\"><li>Komunikacja audiowizualna, w tym z wykorzystaniem komunikator\u00f3w internetowych [X] NIE<\/li><li>Przesy\u0142anie faks\u00f3w [X] TAK<\/li><li>Wykorzystanie t\u0142umacza j\u0119zyka migowego przez strony internetowe i\/lub aplikacje (t\u0142umaczenie online) [X] NIE<\/li><li>Pomoc t\u0142umacza j\u0119zyka migowego &#8211; kontakt osobisty [X] NIE<\/li><li>Kontakt z pomoc\u0105 t\u0142umacza-przewodnika (kontakt osobisty) [X] NIE<\/li><\/ol>\n\n\n\n<ol class=\"wp-block-list\" start=\"2\"><li>Czy podmiot posiada urz\u0105dzenia lub \u015brodki techniczne do obs\u0142ugi os\u00f3b s\u0142abos\u0142ysz\u0105cych, takich jak np. p\u0119tle indukcyjne, systemy FM, systemy na podczerwie\u0144 (IR), systemy Bluetooth?[ X ] NIE<\/li><li>Liczba prowadzonych przez podmiot stron internetowych:1<\/li><li>Czy podmiot zapewnia na tej stronie internetowej (tych stronach internetowych) informacj\u0119 o zakresie swojej dzia\u0142alno\u015bci (g\u0142\u00f3wnych zadaniach podmiotu) w postaci:<ol><li>tekstu odczytywalnego maszynowo? [ X ] NIE<\/li><li>nagrania tre\u015bci w polskim j\u0119zyku migowym (PJM) w postaci pliku wideo? [ X ] NIE<\/li><li>informacji w tek\u015bcie \u0142atwym do czytania (ETR)? [ X ] NIE<\/li><\/ol><\/li><li>Czy podmiot zapewnia\u0142 w okresie sprawozdawczym &#8211; tj. od 20.09.2019 r. do 01.01.2021 r. &#8211; na wniosek osoby ze szczeg\u00f3lnymi potrzebami mo\u017cliwo\u015b\u0107 komunikacji w formie okre\u015blonej w tym wniosku? [ X ] NIE<\/li><\/ol>\n\n\n\n<h3 class=\"wp-block-heading\">DZIA\u0141 4. INFORMACJA O DOST\u0118PIE ALTERNATYWNYM<\/h3>\n\n\n\n<ol class=\"wp-block-list\"><li>Czy w okresie sprawozdawczym podmiot zapewnia\u0142 dost\u0119p alternatywny w postaci wsparcia innej osoby? [ X ] NIE<\/li><li>Czy w okresie sprawozdawczym podmiot zapewnia\u0142 dost\u0119p alternatywny w postaci wsparcia technologicznego, w tym z wykorzystaniem nowoczesnych technologii? [ X ] NIE<\/li><li>Czy w okresie sprawozdawczym podmiot zapewnia\u0142 dost\u0119p alternatywny w postaci zmian w organizacji funkcjonowania podmiotu? [ X ] NIE<\/li><li>Czy w okresie sprawozdawczym podmiot zapewnia\u0142 dost\u0119p alternatywny w spos\u00f3b inny ni\u017c wymienione wy\u017cej? [ X ] NIE<\/li><\/ol>\n","protected":false},"excerpt":{"rendered":"<p>MINISTERSTWO FUNDUSZY I POLITYKI REGIONALNEJ Wsp\u00f3lna 2\/4, 00-926 Warszawa Raport o stanie zapewniania dost\u0119pno\u015bci podmiotu publicznego Nazwa i adres podmiotu publicznego ZESP\u00d3\u0141 PLAC\u00d3WEK SZKOLNO &#8211; WYCHOWAWCZO &#8211; REWALIDACYJNYCH W WODZIS\u0141AWIU \u015aL\u0104SKIM Numer identyfikacyjny REGON 24165108000000 Stan w dniu 01.01.2021 r. Termin przekazania: do 31.03.2021 r. Dane kontaktowe E-mail sekretariatu podmiotu szkola@zpswr.wodzislaw.pl E-mail kontaktowy osoby, kt\u00f3ra &hellip;<\/p>\n<p class=\"read-more\"> <a class=\"\" href=\"https:\/\/wordpress.zpswr.o12.pl\/index.php\/stan-dostepnosci-raport-2\/\"> <span class=\"screen-reader-text\">Stan dost\u0119pno\u015bci &#8211; raport<\/span> Read More &raquo;<\/a><\/p>\n","protected":false},"author":1,"featured_media":0,"parent":0,"menu_order":0,"comment_status":"closed","ping_status":"closed","template":"","meta":{"footnotes":""},"class_list":["post-601","page","type-page","status-publish","hentry"],"_links":{"self":[{"href":"https:\/\/wordpress.zpswr.o12.pl\/index.php\/wp-json\/wp\/v2\/pages\/601","targetHints":{"allow":["GET"]}}],"collection":[{"href":"https:\/\/wordpress.zpswr.o12.pl\/index.php\/wp-json\/wp\/v2\/pages"}],"about":[{"href":"https:\/\/wordpress.zpswr.o12.pl\/index.php\/wp-json\/wp\/v2\/types\/page"}],"author":[{"embeddable":true,"href":"https:\/\/wordpress.zpswr.o12.pl\/index.php\/wp-json\/wp\/v2\/users\/1"}],"replies":[{"embeddable":true,"href":"https:\/\/wordpress.zpswr.o12.pl\/index.php\/wp-json\/wp\/v2\/comments?post=601"}],"version-history":[{"count":1,"href":"https:\/\/wordpress.zpswr.o12.pl\/index.php\/wp-json\/wp\/v2\/pages\/601\/revisions"}],"predecessor-version":[{"id":603,"href":"https:\/\/wordpress.zpswr.o12.pl\/index.php\/wp-json\/wp\/v2\/pages\/601\/revisions\/603"}],"wp:attachment":[{"href":"https:\/\/wordpress.zpswr.o12.pl\/index.php\/wp-json\/wp\/v2\/media?parent=601"}],"curies":[{"name":"wp","href":"https:\/\/api.w.org\/{rel}","templated":true}]}}