{"id":598,"date":"2021-09-25T20:58:23","date_gmt":"2021-09-25T20:58:23","guid":{"rendered":"http:\/\/wordpress.zpswr.o12.pl\/?page_id=598"},"modified":"2021-09-25T20:58:23","modified_gmt":"2021-09-25T20:58:23","slug":"deklaracja-dostepnosci","status":"publish","type":"page","link":"http:\/\/wordpress.zpswr.o12.pl\/index.php\/deklaracja-dostepnosci\/","title":{"rendered":"Deklaracja dost\u0119pno\u015bci"},"content":{"rendered":"\n<h2 class=\"wp-block-heading\">Dost\u0119pno\u015b\u0107 cyfrowa<\/h2>\n\n\n\n<p>Zesp\u00f3\u0142 Plac\u00f3wek Szkolno-Wychowawczo-Rewalidacyjnych w Wodzis\u0142awiu \u015al\u0105skim zobowi\u0105zuje si\u0119 zapewni\u0107 dost\u0119pno\u015b\u0107 swojej strony internetowej zgodnie z ustaw\u0105 z dnia 4 kwietnia 2019 r. o dost\u0119pno\u015bci cyfrowej stron internetowych i aplikacji mobilnych podmiot\u00f3w publicznych. O\u015bwiadczenie w sprawie dost\u0119pno\u015bci ma zastosowanie do strony internetowej szko\u0142y.<\/p>\n\n\n\n<p>Publikacji strony internetowej: 2017<br>Data ostatniej istotnej aktualizacji: 2021<\/p>\n\n\n\n<p>Strona internetowa jest cz\u0119\u015bciowo zgodna z ustaw\u0105 z dnia 4 kwietnia 2019 r. o dost\u0119pno\u015bci cyfrowej stron internetowych i aplikacji mobilnych podmiot\u00f3w publicznych z powodu niezgodno\u015bci lub wy\u0142\u0105cze\u0144 wymienionych poni\u017cej.<\/p>\n\n\n\n<ul class=\"wp-block-list\"><li>wi\u0119kszo\u015b\u0107 podstron serwisu nie spe\u0142nia wymaga\u0144 WCAG<\/li><li>niekt\u00f3re tre\u015bci maj\u0105 niew\u0142a\u015bciwy kontrast<\/li><li>niekt\u00f3re obrazki nie maj\u0105 tekstu alternatywnego<\/li><li>niekt\u00f3re zamieszczone informacje w formie za\u0142\u0105cznik\u00f3w s\u0105 w postaci skan\u00f3w, co wynika z charakteru informacji, jaki jest niezb\u0119dny do ich opublikowania<\/li><li>filmy nie posiadaj\u0105 napis\u00f3w dla os\u00f3b nies\u0142ysz\u0105cych<\/li><li>zdj\u0119cia nie posiadaj\u0105 opis\u00f3w alternatywnych ze wzgl\u0119du na to, \u017ce na stronie jest zamieszczana bardzo du\u017ca liczba zdj\u0119\u0107<\/li><li>odno\u015bniki w cz\u0119\u015bci otwieraj\u0105 si\u0119 w nowych oknach<\/li><li>mapy s\u0105 wy\u0142\u0105czone z obowi\u0105zku zapewniania dost\u0119pno\u015bci<\/li><\/ul>\n\n\n\n<p>Deklaracj\u0119 sporz\u0105dzono na podstawie samooceny przeprowadzonej przez podmiot publiczny.<\/p>\n\n\n\n<h3 class=\"wp-block-heading\">WY\u0141\u0104CZENIA:<\/h3>\n\n\n\n<ul class=\"wp-block-list\"><li>mapy;<\/li><li>multimedia opublikowane przed dniem 23 wrze\u015bnia 2020 r.;<\/li><li>tre\u015bci, kt\u00f3re nie zosta\u0142y przez szko\u0142\u0119 lub na jej rzecz wytworzone albo przez ni\u0105 nabyte, albo kt\u00f3rych dostosowanie do wymaga\u0144 dost\u0119pno\u015bci cyfrowej wymaga modyfikacji, do kt\u00f3rej szko\u0142a nie jest uprawniona;<\/li><li>tre\u015bci prezentowane w intranecie lub ekstranecie, opublikowanych przed dniem 23 wrze\u015bnia 2019 r. i niepoddawanych od tego czasu przebudowom i zmianom polegaj\u0105cym w szczeg\u00f3lno\u015bci na zmianie wygl\u0105du lub struktury prezentowanych informacji albo zmianie sposobu publikowania informacji;<\/li><li>tre\u015bci prezentuj\u0105ce dzie\u0142a sztuki i zabytki, materia\u0142y archiwalne, muzealia lub materia\u0142y biblioteczne, kt\u00f3rych nie mo\u017cna przedstawi\u0107 w spos\u00f3b dost\u0119pny cyfrowo, gdy\u017c utworzenie dost\u0119pnej cyfrowo prezentacji: wi\u0105za\u0142oby si\u0119 z utrat\u0105 autentyczno\u015bci powielanego elementu lub nie jest mo\u017cliwe z przyczyn technicznych, lub wi\u0105za\u0142oby si\u0119 z poniesieniem nadmiernych koszt\u00f3w;<\/li><li>tre\u015bci niewykorzystywane do realizacji bie\u017c\u0105cych zada\u0144 podmiotu publicznego oraz nieuaktualniane lub niepoddawane po dniu 23 wrze\u015bnia 2019 r. przebudowom i zmianom polegaj\u0105cym w szczeg\u00f3lno\u015bci na zmianie wygl\u0105du lub struktury prezentowanych informacji albo na zmianie sposobu publikowania informacji;<\/li><\/ul>\n\n\n\n<p>s\u0105 wy\u0142\u0105czone z obowi\u0105zku zapewniania dost\u0119pno\u015bci.&nbsp;<\/p>\n\n\n\n<h3 class=\"wp-block-heading\">SKR\u00d3TY KLAWIATUROWE<\/h3>\n\n\n\n<p>Na stronie internetowej mo\u017cna u\u017cywa\u0107 standardowych skr\u00f3t\u00f3w klawiaturowych przegl\u0105darki<\/p>\n\n\n\n<h2 class=\"wp-block-heading\">Informacje zwrotne i dane kontaktowe<\/h2>\n\n\n\n<p>Dok\u0142adamy wszelkich stara\u0144, aby w maksymalnym stopniu zapewni\u0107 dost\u0119pno\u015b\u0107 naszej strony. W tym celu podejmujemy dzia\u0142ania na rzecz usuwania poszczeg\u00f3lnych niezgodno\u015bci lub ogranicze\u0144. Je\u017celi w trakcie korzystania z serwisu znajdziecie Pa\u0144stwo niezgodno\u015bci lub ograniczenia w dost\u0119pno\u015bci strony b\u0119dziemy wdzi\u0119czni za ka\u017cd\u0105 informacj\u0119 zwrotn\u0105. Postaramy si\u0119 w jak najkr\u00f3tszym mo\u017cliwym terminie niezgodno\u015b\u0107 lub ograniczenie usun\u0105\u0107.<\/p>\n\n\n\n<h3 class=\"wp-block-heading\">INFORMACJE NA TEMAT PROCEDURY<\/h3>\n\n\n\n<p>Ka\u017cdy ma prawo do wyst\u0105pienia z \u017c\u0105daniem zapewnienia dost\u0119pno\u015bci cyfrowej strony internetowej, aplikacji mobilnej lub jakiego\u015b ich elementu. Mo\u017cna tak\u017ce za\u017c\u0105da\u0107 udost\u0119pnienia informacji za pomoc\u0105 alternatywnego sposobu dost\u0119pu, na przyk\u0142ad przez odczytanie niedost\u0119pnego cyfrowo dokumentu, opisanie zawarto\u015bci filmu bez audiodeskrypcji itp. \u017b\u0105danie powinno zawiera\u0107 dane osoby zg\u0142aszaj\u0105cej \u017c\u0105danie, wskazanie, o kt\u00f3r\u0105 stron\u0119 internetow\u0105 lub aplikacj\u0119 mobiln\u0105 chodzi oraz spos\u00f3b kontaktu. Je\u017celi osoba \u017c\u0105daj\u0105ca zg\u0142asza potrzeb\u0119 otrzymania informacji za pomoc\u0105 alternatywnego sposobu dost\u0119pu, powinna tak\u017ce okre\u015bli\u0107 dogodny dla niej spos\u00f3b przedstawienia tej informacji. Podmiot publiczny powinien zrealizowa\u0107 \u017c\u0105danie niezw\u0142ocznie, nie p\u00f3\u017aniej ni\u017c w ci\u0105gu 7 dni od dnia wyst\u0105pienia z \u017c\u0105daniem. Je\u017celi dotrzymanie tego terminu nie jest mo\u017cliwe, podmiot publiczny niezw\u0142ocznie informuje o tym wnosz\u0105cego \u017c\u0105danie, kiedy realizacja \u017c\u0105dania b\u0119dzie mo\u017cliwa, przy czym termin ten nie mo\u017ce by\u0107 d\u0142u\u017cszy ni\u017c 2 miesi\u0105ce od dnia wyst\u0105pienia z \u017c\u0105daniem. Je\u017celi zapewnienie dost\u0119pno\u015bci cyfrowej nie jest mo\u017cliwe, podmiot publiczny mo\u017ce zaproponowa\u0107 alternatywny spos\u00f3b dost\u0119pu do informacji. W przypadku, gdy podmiot publiczny odm\u00f3wi realizacji \u017c\u0105dania zapewnienia dost\u0119pno\u015bci lub alternatywnego sposobu dost\u0119pu do informacji, wnosz\u0105cy \u017c\u0105danie mo\u017cne z\u0142o\u017cy\u0107 skarg\u0119 w sprawie zapewniana dost\u0119pno\u015bci cyfrowej strony internetowej, aplikacji mobilnej lub elementu strony internetowej, lub aplikacji mobilnej. Po wyczerpaniu wskazanej wy\u017cej procedury mo\u017cna tak\u017ce z\u0142o\u017cy\u0107 wniosek do Rzecznika Praw Obywatelskich.<\/p>\n\n\n\n<h2 class=\"wp-block-heading\">Dost\u0119pno\u015b\u0107 architektoniczna<\/h2>\n\n\n\n<p>Do budynku prowadz\u0105 dwa wej\u015bcia og\u00f3lnodost\u0119pne od strony dziedzi\u0144ca (brak u\u0142atwie\u0144 dla os\u00f3b niepe\u0142nosprawnych). Drugie z ty\u0142u budynku. Drzwi wyposa\u017cone s\u0105 w samozamykacz.<\/p>\n\n\n\n<p>W budynku jest toaleta dostosowana do os\u00f3b z niepe\u0142nosprawno\u015bci\u0105 ruchow\u0105.<\/p>\n\n\n\n<p>Do budynku i wszystkich jego pomieszcze\u0144 mo\u017cna wej\u015b\u0107 z psem asystuj\u0105cym i psem przewodnikiem.<\/p>\n\n\n\n<p>W budynku nie ma p\u0119tli indukcyjnej.<\/p>\n\n\n\n<p>W budynku nie ma oznacze\u0144 w alfabecie Braille\u2019a ani oznacze\u0144 kontrastowych lub w druku powi\u0119kszonym dla os\u00f3b niewidomych i s\u0142abowidz\u0105cych.<\/p>\n\n\n\n<p>W budynku nie ma t\u0142umacza j\u0119zyka migowego, ani mo\u017cliwo\u015bci skorzystania z us\u0142ugi t\u0142umacza on-line.<\/p>\n","protected":false},"excerpt":{"rendered":"<p>Dost\u0119pno\u015b\u0107 cyfrowa Zesp\u00f3\u0142 Plac\u00f3wek Szkolno-Wychowawczo-Rewalidacyjnych w Wodzis\u0142awiu \u015al\u0105skim zobowi\u0105zuje si\u0119 zapewni\u0107 dost\u0119pno\u015b\u0107 swojej strony internetowej zgodnie z ustaw\u0105 z dnia 4 kwietnia 2019 r. o dost\u0119pno\u015bci cyfrowej stron internetowych i aplikacji mobilnych podmiot\u00f3w publicznych. O\u015bwiadczenie w sprawie dost\u0119pno\u015bci ma zastosowanie do strony internetowej szko\u0142y. Publikacji strony internetowej: 2017Data ostatniej istotnej aktualizacji: 2021 Strona internetowa jest &hellip;<\/p>\n<p class=\"read-more\"> <a class=\"\" href=\"http:\/\/wordpress.zpswr.o12.pl\/index.php\/deklaracja-dostepnosci\/\"> <span class=\"screen-reader-text\">Deklaracja dost\u0119pno\u015bci<\/span> Read More &raquo;<\/a><\/p>\n","protected":false},"author":1,"featured_media":0,"parent":0,"menu_order":0,"comment_status":"closed","ping_status":"closed","template":"","meta":{"footnotes":""},"class_list":["post-598","page","type-page","status-publish","hentry"],"_links":{"self":[{"href":"http:\/\/wordpress.zpswr.o12.pl\/index.php\/wp-json\/wp\/v2\/pages\/598","targetHints":{"allow":["GET"]}}],"collection":[{"href":"http:\/\/wordpress.zpswr.o12.pl\/index.php\/wp-json\/wp\/v2\/pages"}],"about":[{"href":"http:\/\/wordpress.zpswr.o12.pl\/index.php\/wp-json\/wp\/v2\/types\/page"}],"author":[{"embeddable":true,"href":"http:\/\/wordpress.zpswr.o12.pl\/index.php\/wp-json\/wp\/v2\/users\/1"}],"replies":[{"embeddable":true,"href":"http:\/\/wordpress.zpswr.o12.pl\/index.php\/wp-json\/wp\/v2\/comments?post=598"}],"version-history":[{"count":1,"href":"http:\/\/wordpress.zpswr.o12.pl\/index.php\/wp-json\/wp\/v2\/pages\/598\/revisions"}],"predecessor-version":[{"id":600,"href":"http:\/\/wordpress.zpswr.o12.pl\/index.php\/wp-json\/wp\/v2\/pages\/598\/revisions\/600"}],"wp:attachment":[{"href":"http:\/\/wordpress.zpswr.o12.pl\/index.php\/wp-json\/wp\/v2\/media?parent=598"}],"curies":[{"name":"wp","href":"https:\/\/api.w.org\/{rel}","templated":true}]}}