{"id":2729,"date":"2024-12-01T20:18:45","date_gmt":"2024-12-01T19:18:45","guid":{"rendered":"https:\/\/wordpress.zpswr.o12.pl\/?page_id=2729"},"modified":"2025-11-22T20:40:45","modified_gmt":"2025-11-22T19:40:45","slug":"frse","status":"publish","type":"page","link":"http:\/\/wordpress.zpswr.o12.pl\/index.php\/frse\/","title":{"rendered":"FRSE &#8211; O projekcie"},"content":{"rendered":"\n<figure class=\"wp-block-image size-large is-resized\"><img loading=\"lazy\" decoding=\"async\" width=\"1024\" height=\"141\" src=\"https:\/\/wordpress.zpswr.o12.pl\/wp-content\/uploads\/2024\/12\/FERS_RP_UE_RGB-1-1024x141.png\" alt=\"\" class=\"wp-image-2735\" style=\"width:1064px;height:auto\" srcset=\"http:\/\/wordpress.zpswr.o12.pl\/wp-content\/uploads\/2024\/12\/FERS_RP_UE_RGB-1-1024x141.png 1024w, http:\/\/wordpress.zpswr.o12.pl\/wp-content\/uploads\/2024\/12\/FERS_RP_UE_RGB-1-300x41.png 300w, http:\/\/wordpress.zpswr.o12.pl\/wp-content\/uploads\/2024\/12\/FERS_RP_UE_RGB-1-768x106.png 768w, http:\/\/wordpress.zpswr.o12.pl\/wp-content\/uploads\/2024\/12\/FERS_RP_UE_RGB-1-1536x212.png 1536w, http:\/\/wordpress.zpswr.o12.pl\/wp-content\/uploads\/2024\/12\/FERS_RP_UE_RGB-1-2048x282.png 2048w\" sizes=\"auto, (max-width: 1024px) 100vw, 1024px\" \/><\/figure>\n\n\n\n<p>Zesp\u00f3\u0142 Plac\u00f3wek Szkolno- Wychowawczo- Rewalidacyjnych w Wodzis\u0142awiu \u015al\u0105skim otrzyma\u0142 dofinansowanie projektu <em><strong>\u201e<\/strong><\/em><strong><em>S\u0142uchamy, AkceptujeMY, Dzia\u0142amy &#8211; doskonalenie kadry kluczem do nowoczesnej edukacji\u201d<\/em> o numerze 2024-1-PL01-KA122-SCH-000241166 Zagraniczna mobilno\u015b\u0107 edukacyjna uczni\u00f3w i kadry edukacji szkolnej<\/strong> wsp\u00f3\u0142finansowanego przez Uni\u0119 Europejsk\u0105 ze \u015brodk\u00f3w Europejskiego Funduszu Spo\u0142ecznego+, w Programie Fundusze Europejskie dla Rozwoju Spo\u0142ecznego 2021-2027 realizowanego na zasadach Programu Erasmus+.<\/p>\n\n\n\n<p>W zwi\u0105zku z dofinansowaniem w ramach w\/w projektu wsparciem mog\u0105 zosta\u0107 obj\u0119ci jedynie pracownicy kadry pedagogicznej plac\u00f3wki znajduj\u0105cy si\u0119 w niekorzystnej sytuacji, czyli osoby o tzw. mniejszych szansach.<\/p>\n\n\n\n<p>W ramach projektu <em>Zagraniczna mobilno\u015b\u0107 edukacyjna uczni\u00f3w i kadry edukacji szkolnej, <\/em>ka\u017cdy jego uczestnik mo\u017ce wzi\u0105\u0107 udzia\u0142 maksymalnie w jednej zagranicznej mobilno\u015bci.<\/p>\n\n\n\n<p>G\u0142\u00f3wnym celem projektu jest polepszenie jako\u015bci pracy szko\u0142y i nadanie jej wymiaru europejskiego, poprzez zdobycie nowych kwalifikacji przez reprezentant\u00f3w grona pedagogicznego dzi\u0119ki udzia\u0142owi w mobilno\u015bciach zagranicznych.<\/p>\n\n\n\n<p>Projekt skierowany jest do nauczycieli ZPSWR w Wodzis\u0142awiu \u015al\u0105skim zainteresowanych doskonaleniem swojego warsztatu pracy w mi\u0119dzynarodowym gronie.<\/p>\n\n\n\n<p>Projekt zak\u0142ada 3 mobilno\u015bci nauczycielskie obejmuj\u0105ce udzia\u0142 w kursie metodycznym (2 uczestnik\u00f3w), kursie j\u0119zykowym (2 uczestnik\u00f3w) oraz obserwacji pracy <em>(Job Shadowing<\/em>) (4 uczestnik\u00f3w)<\/p>\n\n\n\n<p>Efektem projektu b\u0119dzie wzrost kompetencji nauczycieli i uczni\u00f3w, podniesienie jako\u015bci kszta\u0142cenia, nabycie przez nauczycieli nowych umiej\u0119tno\u015bci niezb\u0119dnych do innowacyjnego nauczania, podniesienie poziomu znajomo\u015bci j\u0119zyka angielskiego, wzmocnienie wizerunku Plac\u00f3wki, kontakty mi\u0119dzynarodowe sprawi\u0105, \u017ce szko\u0142a nabierze europejskiego charakteru.<\/p>\n\n\n\n<p>#FunduszeUE<\/p>\n\n\n\n<p><strong>Warto\u015b\u0107 projektu: 75225,72 z\u0142<\/strong><\/p>\n\n\n\n<p><strong>Wysoko\u015b\u0107 wk\u0142adu z Funduszy Europejskich: 62076,26<\/strong> <strong>z\u0142<\/strong><\/p>\n\n\n\n<p><a href=\"https:\/\/drive.google.com\/uc?export=download&amp;id=1uQWd5CMLhYdRBN83r5wX3tF3dv4uRUTf\">REGULAMIN_REKRUTACJI (PDF)<\/a><\/p>\n\n\n\n<p><a href=\"https:\/\/drive.google.com\/uc?export=download&amp;id=1-FpRV4JwfLnSmV6MYFplruKW9F3kpA1r\">Og\u0142oszenie o rekrutacji (PDF)<\/a><\/p>\n\n\n\n<p><a href=\"https:\/\/drive.google.com\/uc?export=download&amp;id=1j3xc2LrEq7DmuOdlqQ_RDWFHPyuaazvj\">Lista rankingowa (PDF)<\/a><\/p>\n\n\n\n<p><a href=\"https:\/\/drive.google.com\/uc?export=download&amp;id=19giMGP_euhwBPIETl0Vvqcc4ClD7hVpg\">Klauzule informacyjne (PDF)<\/a><\/p>\n\n\n\n<p><a href=\"https:\/\/drive.google.com\/uc?export=download&amp;id=1S-Tlmkx5fUZQBz0i3Iz8j6q5Dl8mks6g\">Klauzula RODO (PDF)<\/a><\/p>\n\n\n\n<p><\/p>\n","protected":false},"excerpt":{"rendered":"<p>Zesp\u00f3\u0142 Plac\u00f3wek Szkolno- Wychowawczo- Rewalidacyjnych w Wodzis\u0142awiu \u015al\u0105skim otrzyma\u0142 dofinansowanie projektu \u201eS\u0142uchamy, AkceptujeMY, Dzia\u0142amy &#8211; doskonalenie kadry kluczem do nowoczesnej edukacji\u201d o numerze 2024-1-PL01-KA122-SCH-000241166 Zagraniczna mobilno\u015b\u0107 edukacyjna uczni\u00f3w i kadry edukacji szkolnej wsp\u00f3\u0142finansowanego przez Uni\u0119 Europejsk\u0105 ze \u015brodk\u00f3w Europejskiego Funduszu Spo\u0142ecznego+, w Programie Fundusze Europejskie dla Rozwoju Spo\u0142ecznego 2021-2027 realizowanego na zasadach Programu Erasmus+. W &hellip;<\/p>\n<p class=\"read-more\"> <a class=\"\" href=\"http:\/\/wordpress.zpswr.o12.pl\/index.php\/frse\/\"> <span class=\"screen-reader-text\">FRSE &#8211; O projekcie<\/span> Read More &raquo;<\/a><\/p>\n","protected":false},"author":1,"featured_media":0,"parent":0,"menu_order":0,"comment_status":"closed","ping_status":"closed","template":"","meta":{"footnotes":""},"class_list":["post-2729","page","type-page","status-publish","hentry"],"_links":{"self":[{"href":"http:\/\/wordpress.zpswr.o12.pl\/index.php\/wp-json\/wp\/v2\/pages\/2729","targetHints":{"allow":["GET"]}}],"collection":[{"href":"http:\/\/wordpress.zpswr.o12.pl\/index.php\/wp-json\/wp\/v2\/pages"}],"about":[{"href":"http:\/\/wordpress.zpswr.o12.pl\/index.php\/wp-json\/wp\/v2\/types\/page"}],"author":[{"embeddable":true,"href":"http:\/\/wordpress.zpswr.o12.pl\/index.php\/wp-json\/wp\/v2\/users\/1"}],"replies":[{"embeddable":true,"href":"http:\/\/wordpress.zpswr.o12.pl\/index.php\/wp-json\/wp\/v2\/comments?post=2729"}],"version-history":[{"count":11,"href":"http:\/\/wordpress.zpswr.o12.pl\/index.php\/wp-json\/wp\/v2\/pages\/2729\/revisions"}],"predecessor-version":[{"id":3113,"href":"http:\/\/wordpress.zpswr.o12.pl\/index.php\/wp-json\/wp\/v2\/pages\/2729\/revisions\/3113"}],"wp:attachment":[{"href":"http:\/\/wordpress.zpswr.o12.pl\/index.php\/wp-json\/wp\/v2\/media?parent=2729"}],"curies":[{"name":"wp","href":"https:\/\/api.w.org\/{rel}","templated":true}]}}