{"id":2372,"date":"2023-10-19T17:31:01","date_gmt":"2023-10-19T16:31:01","guid":{"rendered":"https:\/\/wordpress.zpswr.o12.pl\/?page_id=2372"},"modified":"2023-10-19T17:31:20","modified_gmt":"2023-10-19T16:31:20","slug":"kreatywne-prace-plastyczne-2","status":"publish","type":"page","link":"http:\/\/wordpress.zpswr.o12.pl\/index.php\/kreatywne-prace-plastyczne-2\/","title":{"rendered":"Kreatywne Prace Plastyczne"},"content":{"rendered":"\n<p>Projekt pokazuje ogromny zas\u00f3b propozycji prawdziwie tw\u00f3rczych dzia\u0142a\u0144 plastycznych, mnogo\u015b\u0107 inspiracji i niekonwencjonalnych technik plastycznych dla dzieci, stosowanie powszechnie dost\u0119pnych, tanich materia\u0142\u00f3w plastycznych, szeroka autonomia nauczyciela, odbiurokratyzowanie projektu oraz mo\u017cliwo\u015b\u0107 ca\u0142orocznej realizacji czyni go niezwykle atrakcyjnym. *Powszechne stosowanie recyklingu plastycznego na zaj\u0119ciach buduje nawyki i postawy proekologiczne.<\/p>\n\n\n\n<p>Proponowane w projekcie dzia\u0142ania plastyczne wspieraj\u0105 rozw\u00f3j dziecka\/ucznia szczeg\u00f3lnie w zakresie motoryki ma\u0142ej, koordynacji wzrokowo-ruchowej, integracji sensorycznej, spostrzegania, pami\u0119ci i uwagi, wyobra\u017ani i kreatywno\u015bci oraz stanowi\u0107 mog\u0105 popandemiczn\u0105 arteterapi\u0119 i profilaktyk\u0119 zdrowia psychicznego.<\/p>\n\n\n\n<p>Cele g\u0142\u00f3wne:<\/p>\n\n\n\n<ul class=\"wp-block-list\">\n<li>Zaspokajanie naturalnej potrzeby tworzenia sztuki, wyzwalanie ekspresji tw\u00f3rczej, wspieranie harmonijnego rozwoju oraz kreatywno\u015bci dzieci poprzez dzia\u0142ania plastyczne.<\/li>\n\n\n\n<li>Popandemiczna arteterapia rozwojowa dla dzieci oraz profilaktyka zdrowia psychicznego.<\/li>\n\n\n\n<li>Inicjowanie i promowanie dzieci\u0119cej tw\u00f3rczo\u015bci plastycznej we<\/li>\n<\/ul>\n\n\n\n<p>wsp\u00f3\u0142pracy z nauczycielami i plac\u00f3wkami edukacyjnymi w Polsce i za granic\u0105.<\/p>\n\n\n\n<figure class=\"wp-block-image size-large\"><img loading=\"lazy\" decoding=\"async\" width=\"1024\" height=\"575\" src=\"https:\/\/wordpress.zpswr.o12.pl\/wp-content\/uploads\/2023\/10\/dsadsadsadsadsa-1024x575.png\" alt=\"\" class=\"wp-image-2373\" srcset=\"http:\/\/wordpress.zpswr.o12.pl\/wp-content\/uploads\/2023\/10\/dsadsadsadsadsa-1024x575.png 1024w, http:\/\/wordpress.zpswr.o12.pl\/wp-content\/uploads\/2023\/10\/dsadsadsadsadsa-300x168.png 300w, http:\/\/wordpress.zpswr.o12.pl\/wp-content\/uploads\/2023\/10\/dsadsadsadsadsa-768x431.png 768w, http:\/\/wordpress.zpswr.o12.pl\/wp-content\/uploads\/2023\/10\/dsadsadsadsadsa.png 1080w\" sizes=\"auto, (max-width: 1024px) 100vw, 1024px\" \/><\/figure>\n","protected":false},"excerpt":{"rendered":"<p>Projekt pokazuje ogromny zas\u00f3b propozycji prawdziwie tw\u00f3rczych dzia\u0142a\u0144 plastycznych, mnogo\u015b\u0107 inspiracji i niekonwencjonalnych technik plastycznych dla dzieci, stosowanie powszechnie dost\u0119pnych, tanich materia\u0142\u00f3w plastycznych, szeroka autonomia nauczyciela, odbiurokratyzowanie projektu oraz mo\u017cliwo\u015b\u0107 ca\u0142orocznej realizacji czyni go niezwykle atrakcyjnym. *Powszechne stosowanie recyklingu plastycznego na zaj\u0119ciach buduje nawyki i postawy proekologiczne. Proponowane w projekcie dzia\u0142ania plastyczne wspieraj\u0105 rozw\u00f3j dziecka\/ucznia &hellip;<\/p>\n<p class=\"read-more\"> <a class=\"\" href=\"http:\/\/wordpress.zpswr.o12.pl\/index.php\/kreatywne-prace-plastyczne-2\/\"> <span class=\"screen-reader-text\">Kreatywne Prace Plastyczne<\/span> Read More &raquo;<\/a><\/p>\n","protected":false},"author":1,"featured_media":0,"parent":0,"menu_order":0,"comment_status":"closed","ping_status":"closed","template":"","meta":{"footnotes":""},"class_list":["post-2372","page","type-page","status-publish","hentry"],"_links":{"self":[{"href":"http:\/\/wordpress.zpswr.o12.pl\/index.php\/wp-json\/wp\/v2\/pages\/2372","targetHints":{"allow":["GET"]}}],"collection":[{"href":"http:\/\/wordpress.zpswr.o12.pl\/index.php\/wp-json\/wp\/v2\/pages"}],"about":[{"href":"http:\/\/wordpress.zpswr.o12.pl\/index.php\/wp-json\/wp\/v2\/types\/page"}],"author":[{"embeddable":true,"href":"http:\/\/wordpress.zpswr.o12.pl\/index.php\/wp-json\/wp\/v2\/users\/1"}],"replies":[{"embeddable":true,"href":"http:\/\/wordpress.zpswr.o12.pl\/index.php\/wp-json\/wp\/v2\/comments?post=2372"}],"version-history":[{"count":2,"href":"http:\/\/wordpress.zpswr.o12.pl\/index.php\/wp-json\/wp\/v2\/pages\/2372\/revisions"}],"predecessor-version":[{"id":2376,"href":"http:\/\/wordpress.zpswr.o12.pl\/index.php\/wp-json\/wp\/v2\/pages\/2372\/revisions\/2376"}],"wp:attachment":[{"href":"http:\/\/wordpress.zpswr.o12.pl\/index.php\/wp-json\/wp\/v2\/media?parent=2372"}],"curies":[{"name":"wp","href":"https:\/\/api.w.org\/{rel}","templated":true}]}}