{"id":2368,"date":"2023-10-19T17:27:26","date_gmt":"2023-10-19T16:27:26","guid":{"rendered":"https:\/\/wordpress.zpswr.o12.pl\/?page_id=2368"},"modified":"2023-10-19T18:40:06","modified_gmt":"2023-10-19T17:40:06","slug":"piekna-nasza-polska-cala-2","status":"publish","type":"page","link":"http:\/\/wordpress.zpswr.o12.pl\/index.php\/piekna-nasza-polska-cala-2\/","title":{"rendered":"Pi\u0119kna Nasza Polska Ca\u0142a"},"content":{"rendered":"\n<p>G\u0142\u00f3wne cele projektu to:<\/p>\n\n\n\n<ul class=\"wp-block-list\">\n<li>wychowanie do warto\u015bci przez kszta\u0142towanie postaw obywatelskich i patriotycznych u dzieci i m\u0142odzie\u017cy<\/li>\n\n\n\n<li>poznanie historii pa\u0144stwa polskiego i symboli narodowych<\/li>\n\n\n\n<li>uwra\u017cliwienie na pi\u0119kno, folklor i tradycj\u0119 Polski<\/li>\n\n\n\n<li>poznanie tradycji ,zwyczaj\u00f3w, obrz\u0119d\u00f3w ludowych z region\u00f3w Polski i Kres\u00f3w.<\/li>\n\n\n\n<li>wzmacnianie poczucia rado\u015bci i dumy z bycia Polakiem.<\/li>\n\n\n\n<li>integracja plac\u00f3wek edukacyjnych z Polski i Kres\u00f3w<\/li>\n<\/ul>\n\n\n\n<figure class=\"wp-block-image size-large\"><img loading=\"lazy\" decoding=\"async\" width=\"724\" height=\"1024\" src=\"https:\/\/wordpress.zpswr.o12.pl\/wp-content\/uploads\/2023\/10\/plakat-PNPC-2-1-724x1024.png\" alt=\"\" class=\"wp-image-2369\" srcset=\"http:\/\/wordpress.zpswr.o12.pl\/wp-content\/uploads\/2023\/10\/plakat-PNPC-2-1-724x1024.png 724w, http:\/\/wordpress.zpswr.o12.pl\/wp-content\/uploads\/2023\/10\/plakat-PNPC-2-1-212x300.png 212w, http:\/\/wordpress.zpswr.o12.pl\/wp-content\/uploads\/2023\/10\/plakat-PNPC-2-1-768x1086.png 768w, http:\/\/wordpress.zpswr.o12.pl\/wp-content\/uploads\/2023\/10\/plakat-PNPC-2-1-1086x1536.png 1086w, http:\/\/wordpress.zpswr.o12.pl\/wp-content\/uploads\/2023\/10\/plakat-PNPC-2-1.png 1414w\" sizes=\"auto, (max-width: 724px) 100vw, 724px\" \/><\/figure>\n","protected":false},"excerpt":{"rendered":"<p>G\u0142\u00f3wne cele projektu to:<\/p>\n","protected":false},"author":1,"featured_media":0,"parent":0,"menu_order":0,"comment_status":"closed","ping_status":"closed","template":"","meta":{"footnotes":""},"class_list":["post-2368","page","type-page","status-publish","hentry"],"_links":{"self":[{"href":"http:\/\/wordpress.zpswr.o12.pl\/index.php\/wp-json\/wp\/v2\/pages\/2368","targetHints":{"allow":["GET"]}}],"collection":[{"href":"http:\/\/wordpress.zpswr.o12.pl\/index.php\/wp-json\/wp\/v2\/pages"}],"about":[{"href":"http:\/\/wordpress.zpswr.o12.pl\/index.php\/wp-json\/wp\/v2\/types\/page"}],"author":[{"embeddable":true,"href":"http:\/\/wordpress.zpswr.o12.pl\/index.php\/wp-json\/wp\/v2\/users\/1"}],"replies":[{"embeddable":true,"href":"http:\/\/wordpress.zpswr.o12.pl\/index.php\/wp-json\/wp\/v2\/comments?post=2368"}],"version-history":[{"count":2,"href":"http:\/\/wordpress.zpswr.o12.pl\/index.php\/wp-json\/wp\/v2\/pages\/2368\/revisions"}],"predecessor-version":[{"id":2437,"href":"http:\/\/wordpress.zpswr.o12.pl\/index.php\/wp-json\/wp\/v2\/pages\/2368\/revisions\/2437"}],"wp:attachment":[{"href":"http:\/\/wordpress.zpswr.o12.pl\/index.php\/wp-json\/wp\/v2\/media?parent=2368"}],"curies":[{"name":"wp","href":"https:\/\/api.w.org\/{rel}","templated":true}]}}