{"id":2298,"date":"2023-05-15T15:31:45","date_gmt":"2023-05-15T14:31:45","guid":{"rendered":"https:\/\/wordpress.zpswr.o12.pl\/?page_id=2298"},"modified":"2023-05-15T15:31:46","modified_gmt":"2023-05-15T14:31:46","slug":"bezpieczny-przejazd","status":"publish","type":"page","link":"http:\/\/wordpress.zpswr.o12.pl\/index.php\/bezpieczny-przejazd\/","title":{"rendered":"Bezpieczny Przejazd"},"content":{"rendered":"\n<figure class=\"wp-block-image size-large\"><img decoding=\"async\" src=\"https:\/\/bezpieczny-przejazd.pl\/fileadmin\/user_upload\/materialy_informacyjne\/mini\/jasne_tlo.jpg\"\/><\/figure>\n\n\n\n<p>\u201e<strong>BEZPIECZNY PRZEJAZD\u201d<\/strong> to og\u00f3lnopolski program, kt\u00f3rego celem jest przybli\u017cenie uczniom zagro\u017ce\u0144 wynikaj\u0105cych z braku ostro\u017cno\u015bci na przejazdach kolejowo-drogowych oraz terenach kolejowych i&nbsp;wzbudzenie zainteresowania zasadami w\u0142a\u015bciwego zachowania w tych miejscach.<\/p>\n\n\n\n<p>Dzia\u0142ania w ramach Kampanii spo\u0142ecznej : \u201eBezpieczny przejazd\u201d realizowane od 7 marca do 15 maja:<\/p>\n\n\n\n<ul class=\"wp-block-list\">\n<li>\u201eDzie\u0144 bezpiecze\u0144stwa kolejowego\u201d w szkole &#8211; prelekcja z udzia\u0142em koordynatora kampanii &#8211; przedstawiciela PKP Polskich Linii Kolejowych i funkcjonariuszy Stra\u017cy Ochrony Kolei<\/li>\n\n\n\n<li>Zak\u0142adka na stronie internetowej szko\u0142y dotycz\u0105ca kampanii;<\/li>\n\n\n\n<li>Gazetka szkolna na temat bezpiecze\u0144stwa kolejowego;<\/li>\n\n\n\n<li>Apel dla ca\u0142ej spo\u0142eczno\u015bci szkolnej dotycz\u0105cy bezpiecze\u0144stwa na przejazdach kolejowych;;<\/li>\n\n\n\n<li>Zaj\u0119cia warsztatowe dla uczni\u00f3w z wykorzystaniem materia\u0142\u00f3w dost\u0119pnych na stronie www.bezpieczny-przejazd.pl<\/li>\n<\/ul>\n\n\n\n<p><em>\/Filmy edukacyjne: \u201ePodr\u00f3\u017ce z Ambasadork\u0105 Bezpiecze\u0144stwa\u201d, gra w znaki, puzzle, znajd\u017a r\u00f3\u017cnic\u0119, memory\/<\/em><\/p>\n\n\n\n<ul class=\"wp-block-list\">\n<li>Ekspozycja prac plastycznych wykonanych przez uczni\u00f3w na temat w\u0142a\u015bciwego zachowania na przejazdach kolejowych.<\/li>\n<\/ul>\n","protected":false},"excerpt":{"rendered":"<p>\u201eBEZPIECZNY PRZEJAZD\u201d to og\u00f3lnopolski program, kt\u00f3rego celem jest przybli\u017cenie uczniom zagro\u017ce\u0144 wynikaj\u0105cych z braku ostro\u017cno\u015bci na przejazdach kolejowo-drogowych oraz terenach kolejowych i&nbsp;wzbudzenie zainteresowania zasadami w\u0142a\u015bciwego zachowania w tych miejscach. Dzia\u0142ania w ramach Kampanii spo\u0142ecznej : \u201eBezpieczny przejazd\u201d realizowane od 7 marca do 15 maja: \/Filmy edukacyjne: \u201ePodr\u00f3\u017ce z Ambasadork\u0105 Bezpiecze\u0144stwa\u201d, gra w znaki, puzzle, znajd\u017a &hellip;<\/p>\n<p class=\"read-more\"> <a class=\"\" href=\"http:\/\/wordpress.zpswr.o12.pl\/index.php\/bezpieczny-przejazd\/\"> <span class=\"screen-reader-text\">Bezpieczny Przejazd<\/span> Read More &raquo;<\/a><\/p>\n","protected":false},"author":1,"featured_media":0,"parent":0,"menu_order":0,"comment_status":"closed","ping_status":"closed","template":"","meta":{"footnotes":""},"class_list":["post-2298","page","type-page","status-publish","hentry"],"_links":{"self":[{"href":"http:\/\/wordpress.zpswr.o12.pl\/index.php\/wp-json\/wp\/v2\/pages\/2298","targetHints":{"allow":["GET"]}}],"collection":[{"href":"http:\/\/wordpress.zpswr.o12.pl\/index.php\/wp-json\/wp\/v2\/pages"}],"about":[{"href":"http:\/\/wordpress.zpswr.o12.pl\/index.php\/wp-json\/wp\/v2\/types\/page"}],"author":[{"embeddable":true,"href":"http:\/\/wordpress.zpswr.o12.pl\/index.php\/wp-json\/wp\/v2\/users\/1"}],"replies":[{"embeddable":true,"href":"http:\/\/wordpress.zpswr.o12.pl\/index.php\/wp-json\/wp\/v2\/comments?post=2298"}],"version-history":[{"count":1,"href":"http:\/\/wordpress.zpswr.o12.pl\/index.php\/wp-json\/wp\/v2\/pages\/2298\/revisions"}],"predecessor-version":[{"id":2300,"href":"http:\/\/wordpress.zpswr.o12.pl\/index.php\/wp-json\/wp\/v2\/pages\/2298\/revisions\/2300"}],"wp:attachment":[{"href":"http:\/\/wordpress.zpswr.o12.pl\/index.php\/wp-json\/wp\/v2\/media?parent=2298"}],"curies":[{"name":"wp","href":"https:\/\/api.w.org\/{rel}","templated":true}]}}