{"id":2215,"date":"2023-04-17T14:49:04","date_gmt":"2023-04-17T13:49:04","guid":{"rendered":"https:\/\/wordpress.zpswr.o12.pl\/?page_id=2215"},"modified":"2023-04-17T14:55:24","modified_gmt":"2023-04-17T13:55:24","slug":"zajecie-integracyjne-kulinarne-w-zakresie-promocji-zdrowia","status":"publish","type":"page","link":"http:\/\/wordpress.zpswr.o12.pl\/index.php\/zajecie-integracyjne-kulinarne-w-zakresie-promocji-zdrowia\/","title":{"rendered":"Zaj\u0119cie Integracyjne kulinarne w zakresie promocji zdrowia"},"content":{"rendered":"\n<p><strong>Od bochenka do ziarenka<\/strong>\u201d Zapoznanie si\u0119 z procesem wytwarzania pieczywa. Poznawanie przepis\u00f3w kulinarnych i wprowadzenie ich do samodzielnego wykonania. Smakowanie ro\u017cnych gatunk\u00f3w pieczywa.<\/p>\n\n\n\n<p><strong>Zaj\u0119cia kulinarne w ramach Mi\u0119dzynarodowego Projektu Edukacyjnego Pi\u0119kna Nasza Polska Ca\u0142a Kulinarne podr\u00f3\u017ce ma\u0142e i du\u017ce<\/strong>. Kszta\u0142towanie nawyku jedzenia warzyw i owoc\u00f3w. Samodzielne przygotowanie sa\u0142atki owocowej<\/p>\n\n\n\n<p>\u201e<strong>Mali kucharze piek\u0105 gofry\u201d<\/strong> Rozwijanie zainteresowa\u0144 kulinarnych uczni\u00f3w poprzez nauk\u0119 sporz\u0105dzania prostych posi\u0142k\u00f3w. Przygotowanie gofr\u00f3w<\/p>\n\n\n\n<p>\u201e<strong>Zdrowe i kolorowe kanapki na drugie \u015bniadanie\u201d<\/strong>. Rozwijanie zainteresowa\u0144 kulinarnych uczni\u00f3w poprzez nauk\u0119 przyrz\u0105dzania prostych i zdrowych posi\u0142k\u00f3w. Przyrz\u0105dzenie zdrowej kanapki<\/p>\n\n\n\n<p>\u201e<strong>Sk\u0105d przyby\u0142y do nas ziemniaczki?\u201d<\/strong> Poszerzenie wiedzy na temat warzyw i owoc\u00f3w pochodz\u0105cych z r\u00f3\u017cnych stron \u015bwiata. Sma\u017cenie frytek<\/p>\n\n\n\n<p>\u201e<strong>Zdrowo jem-ro\u015bliny oleiste. Do czego s\u0142u\u017cy olej?\u201d<\/strong> Poszerzenie wiadomo\u015bci o ro\u015blinach oleistych, w\u0142a\u015bciwo\u015bci olej\u00f3w, wykorzystanie ich w kuchni. Sma\u017cenie p\u0105czk\u00f3w serowych<\/p>\n","protected":false},"excerpt":{"rendered":"<p>Od bochenka do ziarenka\u201d Zapoznanie si\u0119 z procesem wytwarzania pieczywa. Poznawanie przepis\u00f3w kulinarnych i wprowadzenie ich do samodzielnego wykonania. Smakowanie ro\u017cnych gatunk\u00f3w pieczywa. Zaj\u0119cia kulinarne w ramach Mi\u0119dzynarodowego Projektu Edukacyjnego Pi\u0119kna Nasza Polska Ca\u0142a Kulinarne podr\u00f3\u017ce ma\u0142e i du\u017ce. Kszta\u0142towanie nawyku jedzenia warzyw i owoc\u00f3w. Samodzielne przygotowanie sa\u0142atki owocowej \u201eMali kucharze piek\u0105 gofry\u201d Rozwijanie zainteresowa\u0144 &hellip;<\/p>\n<p class=\"read-more\"> <a class=\"\" href=\"http:\/\/wordpress.zpswr.o12.pl\/index.php\/zajecie-integracyjne-kulinarne-w-zakresie-promocji-zdrowia\/\"> <span class=\"screen-reader-text\">Zaj\u0119cie Integracyjne kulinarne w zakresie promocji zdrowia<\/span> Read More &raquo;<\/a><\/p>\n","protected":false},"author":1,"featured_media":0,"parent":0,"menu_order":0,"comment_status":"closed","ping_status":"closed","template":"","meta":{"footnotes":""},"class_list":["post-2215","page","type-page","status-publish","hentry"],"_links":{"self":[{"href":"http:\/\/wordpress.zpswr.o12.pl\/index.php\/wp-json\/wp\/v2\/pages\/2215","targetHints":{"allow":["GET"]}}],"collection":[{"href":"http:\/\/wordpress.zpswr.o12.pl\/index.php\/wp-json\/wp\/v2\/pages"}],"about":[{"href":"http:\/\/wordpress.zpswr.o12.pl\/index.php\/wp-json\/wp\/v2\/types\/page"}],"author":[{"embeddable":true,"href":"http:\/\/wordpress.zpswr.o12.pl\/index.php\/wp-json\/wp\/v2\/users\/1"}],"replies":[{"embeddable":true,"href":"http:\/\/wordpress.zpswr.o12.pl\/index.php\/wp-json\/wp\/v2\/comments?post=2215"}],"version-history":[{"count":2,"href":"http:\/\/wordpress.zpswr.o12.pl\/index.php\/wp-json\/wp\/v2\/pages\/2215\/revisions"}],"predecessor-version":[{"id":2228,"href":"http:\/\/wordpress.zpswr.o12.pl\/index.php\/wp-json\/wp\/v2\/pages\/2215\/revisions\/2228"}],"wp:attachment":[{"href":"http:\/\/wordpress.zpswr.o12.pl\/index.php\/wp-json\/wp\/v2\/media?parent=2215"}],"curies":[{"name":"wp","href":"https:\/\/api.w.org\/{rel}","templated":true}]}}