{"id":1835,"date":"2022-03-13T17:58:00","date_gmt":"2022-03-13T16:58:00","guid":{"rendered":"http:\/\/wordpress.zpswr.o12.pl\/?page_id=1835"},"modified":"2022-09-12T16:47:52","modified_gmt":"2022-09-12T15:47:52","slug":"etwinning","status":"publish","type":"page","link":"http:\/\/wordpress.zpswr.o12.pl\/index.php\/etwinning\/","title":{"rendered":"eTwinning"},"content":{"rendered":"\n<p>eTwinning to metoda projekt\u00f3w w grupach mi\u0119dzyszkolnych lub mi\u0119dzynarodowych przy wykorzystaniu technologii ICT. To cenne narz\u0119dzie do porozumiewania si\u0119 z lud\u017ami na ca\u0142ym \u015bwiecie. W projektach ch\u0119tnie pracuj\u0105 nie tylko ci uczniowie, kt\u00f3rzy zawsze s\u0105 aktywni na lekcjach, ale tak\u017ce ci, kt\u00f3rzy na co dzie\u0144 s\u0105 wycofani, czuj\u0105 si\u0119 s\u0142absi od innych. <\/p>\n\n\n\n<p>Program eTwining rozwija kompetencje ka\u017cdego ucznia, szkoli i inspiruje nauczycieli oraz wynosi szko\u0142\u0119 na kolejny wy\u017cszy poziom w wypracowywaniu w\u0142asnych, nowatorskich koncepcji oraz rozbudzaniu inicjatyw.<\/p>\n\n\n\n<p>Bardzo wa\u017cnym elementem i wr\u0119cz obowi\u0105zkowym jest poznanie si\u0119 uczestnik\u00f3w poprzez platform\u0119 oraz prezentacja swojej pracy dla wszystkich cz\u0142onk\u00f3w grupy projektowej.<\/p>\n\n\n\n<p><a href=\"https:\/\/drive.google.com\/file\/d\/1f4zqaLfzfyc7bch6ETixtajQufFqlCwa\/preview\"><strong>Sprawozdanie z projekt\u00f3w realizowanych w ramach eTwinning w ZPSWR Wodzis\u0142aw \u015al\u0105ski<\/strong><\/a><\/p>\n","protected":false},"excerpt":{"rendered":"<p>eTwinning to metoda projekt\u00f3w w grupach mi\u0119dzyszkolnych lub mi\u0119dzynarodowych przy wykorzystaniu technologii ICT. To cenne narz\u0119dzie do porozumiewania si\u0119 z lud\u017ami na ca\u0142ym \u015bwiecie. W projektach ch\u0119tnie pracuj\u0105 nie tylko ci uczniowie, kt\u00f3rzy zawsze s\u0105 aktywni na lekcjach, ale tak\u017ce ci, kt\u00f3rzy na co dzie\u0144 s\u0105 wycofani, czuj\u0105 si\u0119 s\u0142absi od innych. Program eTwining rozwija &hellip;<\/p>\n<p class=\"read-more\"> <a class=\"\" href=\"http:\/\/wordpress.zpswr.o12.pl\/index.php\/etwinning\/\"> <span class=\"screen-reader-text\">eTwinning<\/span> Read More &raquo;<\/a><\/p>\n","protected":false},"author":1,"featured_media":0,"parent":0,"menu_order":0,"comment_status":"closed","ping_status":"closed","template":"","meta":{"footnotes":""},"class_list":["post-1835","page","type-page","status-publish","hentry"],"_links":{"self":[{"href":"http:\/\/wordpress.zpswr.o12.pl\/index.php\/wp-json\/wp\/v2\/pages\/1835","targetHints":{"allow":["GET"]}}],"collection":[{"href":"http:\/\/wordpress.zpswr.o12.pl\/index.php\/wp-json\/wp\/v2\/pages"}],"about":[{"href":"http:\/\/wordpress.zpswr.o12.pl\/index.php\/wp-json\/wp\/v2\/types\/page"}],"author":[{"embeddable":true,"href":"http:\/\/wordpress.zpswr.o12.pl\/index.php\/wp-json\/wp\/v2\/users\/1"}],"replies":[{"embeddable":true,"href":"http:\/\/wordpress.zpswr.o12.pl\/index.php\/wp-json\/wp\/v2\/comments?post=1835"}],"version-history":[{"count":3,"href":"http:\/\/wordpress.zpswr.o12.pl\/index.php\/wp-json\/wp\/v2\/pages\/1835\/revisions"}],"predecessor-version":[{"id":1934,"href":"http:\/\/wordpress.zpswr.o12.pl\/index.php\/wp-json\/wp\/v2\/pages\/1835\/revisions\/1934"}],"wp:attachment":[{"href":"http:\/\/wordpress.zpswr.o12.pl\/index.php\/wp-json\/wp\/v2\/media?parent=1835"}],"curies":[{"name":"wp","href":"https:\/\/api.w.org\/{rel}","templated":true}]}}