{"id":1807,"date":"2022-03-13T17:26:28","date_gmt":"2022-03-13T16:26:28","guid":{"rendered":"http:\/\/wordpress.zpswr.o12.pl\/?page_id=1807"},"modified":"2022-03-13T17:27:32","modified_gmt":"2022-03-13T16:27:32","slug":"uniwersytet-dzieci-w-klasie","status":"publish","type":"page","link":"http:\/\/wordpress.zpswr.o12.pl\/index.php\/uniwersytet-dzieci-w-klasie\/","title":{"rendered":"Uniwersytet Dzieci w klasie"},"content":{"rendered":"\t\t<div data-elementor-type=\"wp-page\" data-elementor-id=\"1807\" class=\"elementor elementor-1807\" data-elementor-settings=\"[]\">\n\t\t\t\t\t\t\t<div class=\"elementor-section-wrap\">\n\t\t\t\t\t\t\t<section class=\"elementor-section elementor-top-section elementor-element elementor-element-5c3c2bc7 elementor-section-boxed elementor-section-height-default elementor-section-height-default\" data-id=\"5c3c2bc7\" data-element_type=\"section\">\n\t\t\t\t\t\t<div class=\"elementor-container elementor-column-gap-default\">\n\t\t\t\t\t<div class=\"elementor-column elementor-col-100 elementor-top-column elementor-element elementor-element-4c089e4d\" data-id=\"4c089e4d\" data-element_type=\"column\">\n\t\t\t<div class=\"elementor-widget-wrap elementor-element-populated\">\n\t\t\t\t\t\t\t\t<div class=\"elementor-element elementor-element-2b02d1c9 elementor-widget elementor-widget-text-editor\" data-id=\"2b02d1c9\" data-element_type=\"widget\" data-widget_type=\"text-editor.default\">\n\t\t\t\t<div class=\"elementor-widget-container\">\n\t\t\t\t\t\t\t<!-- wp:paragraph -->\n<p>&#8222;Nowe technologie. Jak zmieniaj\u0105 \u015bwiat&#8217; to projekt, w kt\u00f3rym uczestnicz\u0105 uczniowie z klasy II i III.  Podczas lekcji uczniowie zbadaj\u0105, jak dzia\u0142a wyszukiwarka internetowa, telefon czy komputer. Wykonuj\u0105c do\u015bwiadczenia, b\u0119d\u0105 trenowa\u0107 my\u015blenie analityczne oraz prac\u0119 w grupie. Dowiedz\u0105 si\u0119 tak\u017ce, jak dba\u0107 o swoje bezpiecze\u0144stwo w sieci. Podczas lekcji na rozgrzewk\u0119 uczniowie oswoj\u0105 si\u0119 ze swoimi emocjami jak r\u00f3wnie\u017c zintegruj\u0105 w zespole klasowym<\/p>\n<!-- \/wp:paragraph -->\t\t\t\t\t\t<\/div>\n\t\t\t\t<\/div>\n\t\t\t\t\t<\/div>\n\t\t<\/div>\n\t\t\t\t\t\t\t<\/div>\n\t\t<\/section>\n\t\t\t\t<section class=\"elementor-section elementor-top-section elementor-element elementor-element-e5e3e2a elementor-section-boxed elementor-section-height-default elementor-section-height-default\" data-id=\"e5e3e2a\" data-element_type=\"section\">\n\t\t\t\t\t\t<div class=\"elementor-container elementor-column-gap-default\">\n\t\t\t\t\t<div class=\"elementor-column elementor-col-100 elementor-top-column elementor-element elementor-element-9d16acd\" data-id=\"9d16acd\" data-element_type=\"column\">\n\t\t\t<div class=\"elementor-widget-wrap elementor-element-populated\">\n\t\t\t\t\t\t\t\t<div class=\"elementor-element elementor-element-8cdeb5e elementor-widget elementor-widget-image\" data-id=\"8cdeb5e\" data-element_type=\"widget\" data-widget_type=\"image.default\">\n\t\t\t\t<div class=\"elementor-widget-container\">\n\t\t\t\t\t\t\t\t\t\t\t\t\t\t\t<img loading=\"lazy\" decoding=\"async\" width=\"1024\" height=\"1024\" src=\"http:\/\/wordpress.zpswr.o12.pl\/wp-content\/uploads\/2022\/03\/Nowe_technologie.png-baner-1024x1024.png\" class=\"attachment-large size-large\" alt=\"\" srcset=\"http:\/\/wordpress.zpswr.o12.pl\/wp-content\/uploads\/2022\/03\/Nowe_technologie.png-baner-1024x1024.png 1024w, http:\/\/wordpress.zpswr.o12.pl\/wp-content\/uploads\/2022\/03\/Nowe_technologie.png-baner-300x300.png 300w, http:\/\/wordpress.zpswr.o12.pl\/wp-content\/uploads\/2022\/03\/Nowe_technologie.png-baner-150x150.png 150w, http:\/\/wordpress.zpswr.o12.pl\/wp-content\/uploads\/2022\/03\/Nowe_technologie.png-baner-768x768.png 768w, http:\/\/wordpress.zpswr.o12.pl\/wp-content\/uploads\/2022\/03\/Nowe_technologie.png-baner.png 1200w\" sizes=\"auto, (max-width: 1024px) 100vw, 1024px\" \/>\t\t\t\t\t\t\t\t\t\t\t\t\t\t\t<\/div>\n\t\t\t\t<\/div>\n\t\t\t\t\t<\/div>\n\t\t<\/div>\n\t\t\t\t\t\t\t<\/div>\n\t\t<\/section>\n\t\t\t\t\t\t<\/div>\n\t\t\t\t\t<\/div>\n\t\t","protected":false},"excerpt":{"rendered":"<p>&#8222;Nowe technologie. Jak zmieniaj\u0105 \u015bwiat&#8217; to projekt, w kt\u00f3rym uczestnicz\u0105 uczniowie z klasy II i III. Podczas lekcji uczniowie zbadaj\u0105, jak dzia\u0142a wyszukiwarka internetowa, telefon czy komputer. Wykonuj\u0105c do\u015bwiadczenia, b\u0119d\u0105 trenowa\u0107 my\u015blenie analityczne oraz prac\u0119 w grupie. Dowiedz\u0105 si\u0119 tak\u017ce, jak dba\u0107 o swoje bezpiecze\u0144stwo w sieci. Podczas lekcji na rozgrzewk\u0119 uczniowie oswoj\u0105 si\u0119 ze &hellip;<\/p>\n<p class=\"read-more\"> <a class=\"\" href=\"http:\/\/wordpress.zpswr.o12.pl\/index.php\/uniwersytet-dzieci-w-klasie\/\"> <span class=\"screen-reader-text\">Uniwersytet Dzieci w klasie<\/span> Read More &raquo;<\/a><\/p>\n","protected":false},"author":1,"featured_media":0,"parent":0,"menu_order":0,"comment_status":"closed","ping_status":"closed","template":"","meta":{"footnotes":""},"class_list":["post-1807","page","type-page","status-publish","hentry"],"_links":{"self":[{"href":"http:\/\/wordpress.zpswr.o12.pl\/index.php\/wp-json\/wp\/v2\/pages\/1807","targetHints":{"allow":["GET"]}}],"collection":[{"href":"http:\/\/wordpress.zpswr.o12.pl\/index.php\/wp-json\/wp\/v2\/pages"}],"about":[{"href":"http:\/\/wordpress.zpswr.o12.pl\/index.php\/wp-json\/wp\/v2\/types\/page"}],"author":[{"embeddable":true,"href":"http:\/\/wordpress.zpswr.o12.pl\/index.php\/wp-json\/wp\/v2\/users\/1"}],"replies":[{"embeddable":true,"href":"http:\/\/wordpress.zpswr.o12.pl\/index.php\/wp-json\/wp\/v2\/comments?post=1807"}],"version-history":[{"count":4,"href":"http:\/\/wordpress.zpswr.o12.pl\/index.php\/wp-json\/wp\/v2\/pages\/1807\/revisions"}],"predecessor-version":[{"id":1813,"href":"http:\/\/wordpress.zpswr.o12.pl\/index.php\/wp-json\/wp\/v2\/pages\/1807\/revisions\/1813"}],"wp:attachment":[{"href":"http:\/\/wordpress.zpswr.o12.pl\/index.php\/wp-json\/wp\/v2\/media?parent=1807"}],"curies":[{"name":"wp","href":"https:\/\/api.w.org\/{rel}","templated":true}]}}