{"id":1594,"date":"2021-12-14T20:39:07","date_gmt":"2021-12-14T19:39:07","guid":{"rendered":"http:\/\/wordpress.zpswr.o12.pl\/?page_id=1594"},"modified":"2021-12-27T20:06:48","modified_gmt":"2021-12-27T19:06:48","slug":"poznaj-polske","status":"publish","type":"page","link":"http:\/\/wordpress.zpswr.o12.pl\/index.php\/poznaj-polske\/","title":{"rendered":"Poznaj Polsk\u0119"},"content":{"rendered":"\t\t<div data-elementor-type=\"wp-page\" data-elementor-id=\"1594\" class=\"elementor elementor-1594\" data-elementor-settings=\"[]\">\n\t\t\t\t\t\t\t<div class=\"elementor-section-wrap\">\n\t\t\t\t\t\t\t<section class=\"elementor-section elementor-top-section elementor-element elementor-element-7e6a7c4f elementor-section-boxed elementor-section-height-default elementor-section-height-default\" data-id=\"7e6a7c4f\" data-element_type=\"section\">\n\t\t\t\t\t\t<div class=\"elementor-container elementor-column-gap-default\">\n\t\t\t\t\t<div class=\"elementor-column elementor-col-100 elementor-top-column elementor-element elementor-element-61dd5b7\" data-id=\"61dd5b7\" data-element_type=\"column\">\n\t\t\t<div class=\"elementor-widget-wrap elementor-element-populated\">\n\t\t\t\t\t\t\t\t<div class=\"elementor-element elementor-element-41b66bcc elementor-widget elementor-widget-text-editor\" data-id=\"41b66bcc\" data-element_type=\"widget\" data-widget_type=\"text-editor.default\">\n\t\t\t\t<div class=\"elementor-widget-container\">\n\t\t\t\t\t\t\t<!-- wp:paragraph -->\n<p>Przedmiotem przedsi\u0119wzi\u0119cia jest wsparcie organ\u00f3w prowadz\u0105cych publiczne i niepubliczne szko\u0142y dla dzieci i m\u0142odzie\u017cy w realizacji zada\u0144 maj\u0105cych na celu uatrakcyjnienie procesu edukacyjnego dzieci i m\u0142odzie\u017cy poprzez umo\u017cliwienie im poznawania Polski, jej \u015brodowiska przyrodniczego, tradycji, zabytk\u00f3w kultury i historii oraz osi\u0105gni\u0119\u0107 polskiej nauki. Przedsi\u0119wzi\u0119cie ma wspom\u00f3c realizacj\u0119 podstaw programowych dla szk\u00f3\u0142 podstawowych i ponadpodstawowych. Pozwoli urozmaici\u0107 zaj\u0119cia lekcyjne, dzi\u0119ki czemu nauka nabierze praktycznego wymiaru. Uczenie si\u0119 oparte na praktycznym odkrywaniu \u015blad\u00f3w historii, czy te\u017c eksperymentowaniu w centrach nauki stworzy uczniom warunki do zdobywania nowych umiej\u0119tno\u015bci w niepowtarzalnym \u015brodowisku edukacyjnym.<\/p>\n<!-- \/wp:paragraph -->\n\n<!-- wp:paragraph -->\n<p>Przyznawane przez Ministra w formie dotacji celowej \u015brodki finansowe przeznaczane s\u0105 na dofinansowanie wycieczek szkolnych zwi\u0105zanych z priorytetowymi obszarami edukacyjnymi wskazanymi przez Ministra w odr\u0119bnym komunikacie w ka\u017cdym roku realizacji przedsi\u0119wzi\u0119cia. W ramach tych obszar\u00f3w Minister og\u0142asza na swojej stronie podmiotowej wykazy punkt\u00f3w edukacyjnych dla trzech grup wiekowych (klasy I-III szk\u00f3\u0142 podstawowych, klasy IV-VIII szk\u00f3\u0142 podstawowych oraz szko\u0142y ponadpodstawowe).<\/p>\n<!-- \/wp:paragraph -->\t\t\t\t\t\t<\/div>\n\t\t\t\t<\/div>\n\t\t\t\t\t<\/div>\n\t\t<\/div>\n\t\t\t\t\t\t\t<\/div>\n\t\t<\/section>\n\t\t\t\t<section class=\"elementor-section elementor-top-section elementor-element elementor-element-be1643a elementor-section-boxed elementor-section-height-default elementor-section-height-default\" data-id=\"be1643a\" data-element_type=\"section\">\n\t\t\t\t\t\t<div class=\"elementor-container elementor-column-gap-default\">\n\t\t\t\t\t<div class=\"elementor-column elementor-col-100 elementor-top-column elementor-element elementor-element-a1982b3\" data-id=\"a1982b3\" data-element_type=\"column\">\n\t\t\t<div class=\"elementor-widget-wrap elementor-element-populated\">\n\t\t\t\t\t\t\t\t<div class=\"elementor-element elementor-element-f9f34fc elementor-arrows-position-inside elementor-pagination-position-outside elementor-widget elementor-widget-image-carousel\" data-id=\"f9f34fc\" data-element_type=\"widget\" data-settings=\"{&quot;navigation&quot;:&quot;both&quot;,&quot;autoplay&quot;:&quot;yes&quot;,&quot;pause_on_hover&quot;:&quot;yes&quot;,&quot;pause_on_interaction&quot;:&quot;yes&quot;,&quot;autoplay_speed&quot;:5000,&quot;infinite&quot;:&quot;yes&quot;,&quot;speed&quot;:500}\" data-widget_type=\"image-carousel.default\">\n\t\t\t\t<div class=\"elementor-widget-container\">\n\t\t\t\t\t<div class=\"elementor-image-carousel-wrapper swiper-container\" dir=\"ltr\">\n\t\t\t<div class=\"elementor-image-carousel swiper-wrapper\">\n\t\t\t\t\t\t\t\t<div class=\"swiper-slide\"><figure class=\"swiper-slide-inner\"><img decoding=\"async\" class=\"swiper-slide-image\" src=\"http:\/\/wordpress.zpswr.o12.pl\/wp-content\/uploads\/2021\/12\/264984080_1475625706155360_4540340435337741281_n-1.jpg\" alt=\"264984080_1475625706155360_4540340435337741281_n\" \/><\/figure><\/div><div class=\"swiper-slide\"><figure class=\"swiper-slide-inner\"><img decoding=\"async\" class=\"swiper-slide-image\" src=\"http:\/\/wordpress.zpswr.o12.pl\/wp-content\/uploads\/2021\/12\/265064064_1475625879488676_4253716219108822819_n-2.jpg\" alt=\"265064064_1475625879488676_4253716219108822819_n\" \/><\/figure><\/div><div class=\"swiper-slide\"><figure class=\"swiper-slide-inner\"><img decoding=\"async\" class=\"swiper-slide-image\" src=\"http:\/\/wordpress.zpswr.o12.pl\/wp-content\/uploads\/2021\/12\/265073033_1475625612822036_954906570131654112_n-1.jpg\" alt=\"265073033_1475625612822036_954906570131654112_n\" \/><\/figure><\/div><div class=\"swiper-slide\"><figure class=\"swiper-slide-inner\"><img decoding=\"async\" class=\"swiper-slide-image\" src=\"http:\/\/wordpress.zpswr.o12.pl\/wp-content\/uploads\/2021\/12\/265119389_1475625746155356_967215969366184423_n.jpg\" alt=\"265119389_1475625746155356_967215969366184423_n\" \/><\/figure><\/div><div class=\"swiper-slide\"><figure class=\"swiper-slide-inner\"><img decoding=\"async\" class=\"swiper-slide-image\" src=\"http:\/\/wordpress.zpswr.o12.pl\/wp-content\/uploads\/2021\/12\/266377312_1475625932822004_2656071692796180808_n-1.jpg\" alt=\"266377312_1475625932822004_2656071692796180808_n\" \/><\/figure><\/div><div class=\"swiper-slide\"><figure class=\"swiper-slide-inner\"><img decoding=\"async\" class=\"swiper-slide-image\" src=\"http:\/\/wordpress.zpswr.o12.pl\/wp-content\/uploads\/2021\/12\/266388952_1475625856155345_7124103989987642273_n-1.jpg\" alt=\"266388952_1475625856155345_7124103989987642273_n\" \/><\/figure><\/div><div class=\"swiper-slide\"><figure class=\"swiper-slide-inner\"><img decoding=\"async\" class=\"swiper-slide-image\" src=\"http:\/\/wordpress.zpswr.o12.pl\/wp-content\/uploads\/2021\/12\/266505703_1475625766155354_4916724717535353965_n-1.jpg\" alt=\"266505703_1475625766155354_4916724717535353965_n\" \/><\/figure><\/div><div class=\"swiper-slide\"><figure class=\"swiper-slide-inner\"><img decoding=\"async\" class=\"swiper-slide-image\" src=\"http:\/\/wordpress.zpswr.o12.pl\/wp-content\/uploads\/2021\/12\/266516944_1475625679488696_1666196957953123368_n-2.jpg\" alt=\"266516944_1475625679488696_1666196957953123368_n (2)\" \/><\/figure><\/div><div class=\"swiper-slide\"><figure class=\"swiper-slide-inner\"><img decoding=\"async\" class=\"swiper-slide-image\" src=\"http:\/\/wordpress.zpswr.o12.pl\/wp-content\/uploads\/2021\/12\/266620617_1475625796155351_9068909001961797638_n-1.jpg\" alt=\"266620617_1475625796155351_9068909001961797638_n\" \/><\/figure><\/div><div class=\"swiper-slide\"><figure class=\"swiper-slide-inner\"><img decoding=\"async\" class=\"swiper-slide-image\" src=\"http:\/\/wordpress.zpswr.o12.pl\/wp-content\/uploads\/2021\/12\/266778522_1475625629488701_4685637626581061665_n-3.jpg\" alt=\"266778522_1475625629488701_4685637626581061665_n\" \/><\/figure><\/div><div class=\"swiper-slide\"><figure class=\"swiper-slide-inner\"><img decoding=\"async\" class=\"swiper-slide-image\" src=\"http:\/\/wordpress.zpswr.o12.pl\/wp-content\/uploads\/2021\/12\/267356527_1475625902822007_8808003542553370141_n-1.jpg\" alt=\"267356527_1475625902822007_8808003542553370141_n\" \/><\/figure><\/div><div class=\"swiper-slide\"><figure class=\"swiper-slide-inner\"><img decoding=\"async\" class=\"swiper-slide-image\" src=\"http:\/\/wordpress.zpswr.o12.pl\/wp-content\/uploads\/2021\/12\/265455830_4316168495158509_2337496306679168087_n-1.jpg\" alt=\"265455830_4316168495158509_2337496306679168087_n\" \/><\/figure><\/div><div class=\"swiper-slide\"><figure class=\"swiper-slide-inner\"><img decoding=\"async\" class=\"swiper-slide-image\" src=\"http:\/\/wordpress.zpswr.o12.pl\/wp-content\/uploads\/2021\/12\/265748597_626108015369666_6088642803916376525_n-1.jpg\" alt=\"265748597_626108015369666_6088642803916376525_n\" \/><\/figure><\/div><div class=\"swiper-slide\"><figure class=\"swiper-slide-inner\"><img decoding=\"async\" class=\"swiper-slide-image\" src=\"http:\/\/wordpress.zpswr.o12.pl\/wp-content\/uploads\/2021\/12\/267460104_447171053577940_23871106082127358_n-1.jpg\" alt=\"267460104_447171053577940_23871106082127358_n\" \/><\/figure><\/div><div class=\"swiper-slide\"><figure class=\"swiper-slide-inner\"><img decoding=\"async\" class=\"swiper-slide-image\" src=\"http:\/\/wordpress.zpswr.o12.pl\/wp-content\/uploads\/2021\/12\/267842310_320763566382045_2615751722991566314_n-1.jpg\" alt=\"267842310_320763566382045_2615751722991566314_n\" \/><\/figure><\/div><div class=\"swiper-slide\"><figure class=\"swiper-slide-inner\"><img decoding=\"async\" class=\"swiper-slide-image\" src=\"http:\/\/wordpress.zpswr.o12.pl\/wp-content\/uploads\/2021\/12\/268178035_1571186026568173_4619648571582872228_n-1.jpg\" alt=\"268178035_1571186026568173_4619648571582872228_n\" \/><\/figure><\/div><div class=\"swiper-slide\"><figure class=\"swiper-slide-inner\"><img decoding=\"async\" class=\"swiper-slide-image\" src=\"http:\/\/wordpress.zpswr.o12.pl\/wp-content\/uploads\/2021\/12\/265570303_1553965581635845_4852850422986701932_n-1.jpg\" alt=\"265570303_1553965581635845_4852850422986701932_n\" \/><\/figure><\/div><div class=\"swiper-slide\"><figure class=\"swiper-slide-inner\"><img decoding=\"async\" class=\"swiper-slide-image\" src=\"http:\/\/wordpress.zpswr.o12.pl\/wp-content\/uploads\/2021\/12\/267891481_305458098170460_7326316566457027735_n-1.jpg\" alt=\"267891481_305458098170460_7326316566457027735_n\" \/><\/figure><\/div>\t\t\t<\/div>\n\t\t\t\t\t\t\t\t\t\t\t\t<div class=\"swiper-pagination\"><\/div>\n\t\t\t\t\t\t\t\t\t\t\t\t\t<div class=\"elementor-swiper-button elementor-swiper-button-prev\">\n\t\t\t\t\t\t<i class=\"eicon-chevron-left\" aria-hidden=\"true\"><\/i>\n\t\t\t\t\t\t<span class=\"elementor-screen-only\">Poprzednie<\/span>\n\t\t\t\t\t<\/div>\n\t\t\t\t\t<div class=\"elementor-swiper-button elementor-swiper-button-next\">\n\t\t\t\t\t\t<i class=\"eicon-chevron-right\" aria-hidden=\"true\"><\/i>\n\t\t\t\t\t\t<span class=\"elementor-screen-only\">Nast\u0119pne<\/span>\n\t\t\t\t\t<\/div>\n\t\t\t\t\t\t\t\t\t<\/div>\n\t\t\t\t<\/div>\n\t\t\t\t<\/div>\n\t\t\t\t\t<\/div>\n\t\t<\/div>\n\t\t\t\t\t\t\t<\/div>\n\t\t<\/section>\n\t\t\t\t\t\t<\/div>\n\t\t\t\t\t<\/div>\n\t\t","protected":false},"excerpt":{"rendered":"<p>Przedmiotem przedsi\u0119wzi\u0119cia jest wsparcie organ\u00f3w prowadz\u0105cych publiczne i niepubliczne szko\u0142y dla dzieci i m\u0142odzie\u017cy w realizacji zada\u0144 maj\u0105cych na celu uatrakcyjnienie procesu edukacyjnego dzieci i m\u0142odzie\u017cy poprzez umo\u017cliwienie im poznawania Polski, jej \u015brodowiska przyrodniczego, tradycji, zabytk\u00f3w kultury i historii oraz osi\u0105gni\u0119\u0107 polskiej nauki. Przedsi\u0119wzi\u0119cie ma wspom\u00f3c realizacj\u0119 podstaw programowych dla szk\u00f3\u0142 podstawowych i ponadpodstawowych. Pozwoli &hellip;<\/p>\n<p class=\"read-more\"> <a class=\"\" href=\"http:\/\/wordpress.zpswr.o12.pl\/index.php\/poznaj-polske\/\"> <span class=\"screen-reader-text\">Poznaj Polsk\u0119<\/span> Read More &raquo;<\/a><\/p>\n","protected":false},"author":1,"featured_media":0,"parent":0,"menu_order":0,"comment_status":"closed","ping_status":"closed","template":"","meta":{"footnotes":""},"class_list":["post-1594","page","type-page","status-publish","hentry"],"_links":{"self":[{"href":"http:\/\/wordpress.zpswr.o12.pl\/index.php\/wp-json\/wp\/v2\/pages\/1594","targetHints":{"allow":["GET"]}}],"collection":[{"href":"http:\/\/wordpress.zpswr.o12.pl\/index.php\/wp-json\/wp\/v2\/pages"}],"about":[{"href":"http:\/\/wordpress.zpswr.o12.pl\/index.php\/wp-json\/wp\/v2\/types\/page"}],"author":[{"embeddable":true,"href":"http:\/\/wordpress.zpswr.o12.pl\/index.php\/wp-json\/wp\/v2\/users\/1"}],"replies":[{"embeddable":true,"href":"http:\/\/wordpress.zpswr.o12.pl\/index.php\/wp-json\/wp\/v2\/comments?post=1594"}],"version-history":[{"count":4,"href":"http:\/\/wordpress.zpswr.o12.pl\/index.php\/wp-json\/wp\/v2\/pages\/1594\/revisions"}],"predecessor-version":[{"id":1663,"href":"http:\/\/wordpress.zpswr.o12.pl\/index.php\/wp-json\/wp\/v2\/pages\/1594\/revisions\/1663"}],"wp:attachment":[{"href":"http:\/\/wordpress.zpswr.o12.pl\/index.php\/wp-json\/wp\/v2\/media?parent=1594"}],"curies":[{"name":"wp","href":"https:\/\/api.w.org\/{rel}","templated":true}]}}