{"id":1463,"date":"2021-10-23T18:18:46","date_gmt":"2021-10-23T17:18:46","guid":{"rendered":"http:\/\/wordpress.zpswr.o12.pl\/?page_id=1463"},"modified":"2021-12-06T17:08:02","modified_gmt":"2021-12-06T16:08:02","slug":"dokumenty-do-pobrania","status":"publish","type":"page","link":"http:\/\/wordpress.zpswr.o12.pl\/index.php\/dokumenty-do-pobrania\/","title":{"rendered":"Dokumenty do pobrania"},"content":{"rendered":"\n<ul class=\"wp-block-list\"><li><a href=\"https:\/\/wordpress.zpswr.o12.pl\/Downloads\/RODO.pdf\">RODO<\/a><\/li><li><a href=\"https:\/\/wordpress.zpswr.o12.pl\/Downloads\/PodanieWWR.pdf\">Podanie Wczesne Wspomaganie Rozwoju Dziecka<\/a><\/li><li><a href=\"https:\/\/wordpress.zpswr.o12.pl\/Downloads\/PodanieSPdP.pdf\">Podanie Szko\u0142a Przysposabiaj\u0105ca do Pracy<\/a><\/li><li><a href=\"https:\/\/wordpress.zpswr.o12.pl\/Downloads\/PodanieORW.pdf\">Podanie O\u015brodek Rewalidacyjno-Wychowawczy<\/a><\/li><li><a href=\"https:\/\/wordpress.zpswr.o12.pl\/Downloads\/PodanieSP.pdf\">Podanie Szko\u0142a Podstawowa<\/a><\/li><li><a href=\"https:\/\/wordpress.zpswr.o12.pl\/Downloads\/podanieoopinie.pdf\">Podanie o wydanie Opinii<\/a><\/li><\/ul>\n\n\n\n<p><\/p>\n","protected":false},"excerpt":{"rendered":"<p>RODO Podanie Wczesne Wspomaganie Rozwoju Dziecka Podanie Szko\u0142a Przysposabiaj\u0105ca do Pracy Podanie O\u015brodek Rewalidacyjno-Wychowawczy Podanie Szko\u0142a Podstawowa Podanie o wydanie Opinii<\/p>\n","protected":false},"author":1,"featured_media":0,"parent":0,"menu_order":0,"comment_status":"closed","ping_status":"closed","template":"","meta":{"footnotes":""},"class_list":["post-1463","page","type-page","status-publish","hentry"],"_links":{"self":[{"href":"http:\/\/wordpress.zpswr.o12.pl\/index.php\/wp-json\/wp\/v2\/pages\/1463","targetHints":{"allow":["GET"]}}],"collection":[{"href":"http:\/\/wordpress.zpswr.o12.pl\/index.php\/wp-json\/wp\/v2\/pages"}],"about":[{"href":"http:\/\/wordpress.zpswr.o12.pl\/index.php\/wp-json\/wp\/v2\/types\/page"}],"author":[{"embeddable":true,"href":"http:\/\/wordpress.zpswr.o12.pl\/index.php\/wp-json\/wp\/v2\/users\/1"}],"replies":[{"embeddable":true,"href":"http:\/\/wordpress.zpswr.o12.pl\/index.php\/wp-json\/wp\/v2\/comments?post=1463"}],"version-history":[{"count":2,"href":"http:\/\/wordpress.zpswr.o12.pl\/index.php\/wp-json\/wp\/v2\/pages\/1463\/revisions"}],"predecessor-version":[{"id":1533,"href":"http:\/\/wordpress.zpswr.o12.pl\/index.php\/wp-json\/wp\/v2\/pages\/1463\/revisions\/1533"}],"wp:attachment":[{"href":"http:\/\/wordpress.zpswr.o12.pl\/index.php\/wp-json\/wp\/v2\/media?parent=1463"}],"curies":[{"name":"wp","href":"https:\/\/api.w.org\/{rel}","templated":true}]}}