{"id":1442,"date":"2021-10-23T18:09:33","date_gmt":"2021-10-23T17:09:33","guid":{"rendered":"http:\/\/wordpress.zpswr.o12.pl\/?page_id=1442"},"modified":"2021-12-06T17:10:51","modified_gmt":"2021-12-06T16:10:51","slug":"osrodek-rewalidacyjno-wychowawczy","status":"publish","type":"page","link":"http:\/\/wordpress.zpswr.o12.pl\/index.php\/osrodek-rewalidacyjno-wychowawczy\/","title":{"rendered":"O\u015brodek Rewalidacyjno Wychowawczy"},"content":{"rendered":"\n<p><strong>O\u015brodek Rewalidacyjno-Wychowawczy<\/strong>: dla dzieci i m\u0142odzie\u017cy z g\u0142\u0119bokim stopniem niepe\u0142nosprawno\u015bci intelektualnej w wieku od 3 do 25 roku \u017cycia<\/p>\n\n\n\n<p>&#8211; grupy maksymalnie 4 osobowe czas zaj\u0119\u0107 7.30 \u2013 15.30,<\/p>\n\n\n\n<p>&#8211; opieka nauczyciela\/specjalisty oraz pomocy nauczyciela,<\/p>\n\n\n\n<p>&#8211; zaj\u0119cia rewalidacyjno-wychowawcze i rekreacyjne dostosowane do potrzeb i mo\u017cliwo\u015b\u0107 dziecka skierowane na stymulowanie jego rozwoju,<\/p>\n\n\n\n<p>-mo\u017cliwo\u015b\u0107 udzia\u0142u w zaj\u0119ciach prowadzonych metod\u0105 Weroniki Sherborne, dogoterapii, w zaj\u0119ciach usprawniaj\u0105cych ruchowo, a tak\u017ce w zale\u017cno\u015bci od potrzeb dziecka w zaj\u0119ciach rehabilitacyjnych, usprawniaj\u0105cych mow\u0119, doskonal\u0105cych proces widzenia, terapia r\u0119ki,<\/p>\n\n\n\n<p>-zaj\u0119cia w profesjonalnie i estetycznie wyposa\u017conych pracowniach i salach, mi\u0119dzy innymi w sali do\u015bwiadczania \u015bwiata , usprawniania polisensorycznego, integracji sensorycznej, rehabilitacji ruchowej, szkolnej fikolandii, sali zabaw mi\u0119kkich, zielonej pracowni.<\/p>\n\n\n\n<p><a href=\"http:\/\/wordpress.zpswr.o12.pl\/index.php\/dokumenty-do-pobrania\/\" data-type=\"page\" data-id=\"1463\">Dokumenty do pobrania<\/a><\/p>\n","protected":false},"excerpt":{"rendered":"<p>O\u015brodek Rewalidacyjno-Wychowawczy: dla dzieci i m\u0142odzie\u017cy z g\u0142\u0119bokim stopniem niepe\u0142nosprawno\u015bci intelektualnej w wieku od 3 do 25 roku \u017cycia &#8211; grupy maksymalnie 4 osobowe czas zaj\u0119\u0107 7.30 \u2013 15.30, &#8211; opieka nauczyciela\/specjalisty oraz pomocy nauczyciela, &#8211; zaj\u0119cia rewalidacyjno-wychowawcze i rekreacyjne dostosowane do potrzeb i mo\u017cliwo\u015b\u0107 dziecka skierowane na stymulowanie jego rozwoju, -mo\u017cliwo\u015b\u0107 udzia\u0142u w zaj\u0119ciach &hellip;<\/p>\n<p class=\"read-more\"> <a class=\"\" href=\"http:\/\/wordpress.zpswr.o12.pl\/index.php\/osrodek-rewalidacyjno-wychowawczy\/\"> <span class=\"screen-reader-text\">O\u015brodek Rewalidacyjno Wychowawczy<\/span> Read More &raquo;<\/a><\/p>\n","protected":false},"author":1,"featured_media":0,"parent":0,"menu_order":0,"comment_status":"closed","ping_status":"closed","template":"","meta":{"footnotes":""},"class_list":["post-1442","page","type-page","status-publish","hentry"],"_links":{"self":[{"href":"http:\/\/wordpress.zpswr.o12.pl\/index.php\/wp-json\/wp\/v2\/pages\/1442","targetHints":{"allow":["GET"]}}],"collection":[{"href":"http:\/\/wordpress.zpswr.o12.pl\/index.php\/wp-json\/wp\/v2\/pages"}],"about":[{"href":"http:\/\/wordpress.zpswr.o12.pl\/index.php\/wp-json\/wp\/v2\/types\/page"}],"author":[{"embeddable":true,"href":"http:\/\/wordpress.zpswr.o12.pl\/index.php\/wp-json\/wp\/v2\/users\/1"}],"replies":[{"embeddable":true,"href":"http:\/\/wordpress.zpswr.o12.pl\/index.php\/wp-json\/wp\/v2\/comments?post=1442"}],"version-history":[{"count":2,"href":"http:\/\/wordpress.zpswr.o12.pl\/index.php\/wp-json\/wp\/v2\/pages\/1442\/revisions"}],"predecessor-version":[{"id":1535,"href":"http:\/\/wordpress.zpswr.o12.pl\/index.php\/wp-json\/wp\/v2\/pages\/1442\/revisions\/1535"}],"wp:attachment":[{"href":"http:\/\/wordpress.zpswr.o12.pl\/index.php\/wp-json\/wp\/v2\/media?parent=1442"}],"curies":[{"name":"wp","href":"https:\/\/api.w.org\/{rel}","templated":true}]}}