{"id":1290,"date":"2021-10-10T11:10:45","date_gmt":"2021-10-10T10:10:45","guid":{"rendered":"http:\/\/wordpress.zpswr.o12.pl\/?page_id=1290"},"modified":"2021-10-10T11:10:45","modified_gmt":"2021-10-10T10:10:45","slug":"kompetencje-emocjonalno-spoleczne","status":"publish","type":"page","link":"http:\/\/wordpress.zpswr.o12.pl\/index.php\/kompetencje-emocjonalno-spoleczne\/","title":{"rendered":"Kompetencje emocjonalno-spo\u0142eczne"},"content":{"rendered":"\n<p>Zaj\u0119cia kszta\u0142tuj\u0105ce <strong>kompetencje emocjonalno \u2013 spo\u0142eczne<\/strong> prowadzone s\u0105 z uczniami, kt\u00f3rzy ucz\u0105 si\u0119 wsp\u00f3\u0142pracowa\u0107 ze sob\u0105 w r\u00f3\u017cnych sytuacjach spo\u0142ecznych.<\/p>\n\n\n\n<p>Wielu sytuacji nie jeste\u015bmy w stanie przewidzie\u0107 i dlatego tak wa\u017cne s\u0105 umiej\u0119tno\u015bci w\u0142a\u015bciwego zachowania w r\u00f3\u017cnych okoliczno\u015bciach, w\u015br\u00f3d r\u00f3\u017cnych os\u00f3b. Wa\u017cne, aby\u015bmy mogli je przepracowa\u0107 w znanym sobie \u015brodowisku, w\u015br\u00f3d os\u00f3b znanych nam, w atmosferze zaufania.<\/p>\n\n\n\n<p>Praca podczas zaj\u0119\u0107 kszta\u0142tuj\u0105cych kompetencje emocjonalno \u2013 spo\u0142eczne polega na:<\/p>\n\n\n\n<p>&#8211; umiej\u0119tnym rozpoznawaniu w\u0142asnych emocji, nazywaniu ich, poznaniu szerszego wachlarza okre\u015blania swojego stanu i samopoczucia,<\/p>\n\n\n\n<p>&#8211; w\u0142a\u015bciwych reakcji na okre\u015blone zdarzenia,<\/p>\n\n\n\n<p>&#8211; w\u0142a\u015bciwych zachowa\u0144 po\u017c\u0105danych spo\u0142ecznie i zgodnych z normami wsp\u00f3\u0142\u017cycia w grupie,<\/p>\n\n\n\n<p>&#8211; poznanie swoich mocnych stron,<\/p>\n\n\n\n<p>&#8211; rozpoznawanie dobrych i z\u0142ych zachowa\u0144,<\/p>\n\n\n\n<p>&#8211; empatia w relacjach,<\/p>\n\n\n\n<p>&#8211; dbanie o bezpiecze\u0144stwo koleg\u00f3w i w\u0142asne,<\/p>\n\n\n\n<p>&#8211; poznanie regu\u0142 \u017cycia w grupie \u2013 wsp\u00f3\u0142dzia\u0142anie z innymi,<\/p>\n\n\n\n<p>&#8211; nabycie umiej\u0119tno\u015bci przegrywania w grach,<\/p>\n\n\n\n<p>&#8211; akceptacja cudzego, odmiennego zdania<\/p>\n\n\n\n<p>&#8211; wsp\u00f3\u0142dzia\u0142aniu w grupie z zachowaniem zasad bezpiecze\u0144stwa,<\/p>\n\n\n\n<p>Na zaj\u0119ciach uczniowie pr\u00f3buj\u0105 odgrywa\u0107 scenki tematyczne \u2013 wcielaj\u0105 si\u0119 w role r\u00f3\u017cnych os\u00f3b, ucz\u0105c si\u0119 w\u0142a\u015bciwych zachowa\u0144 w r\u00f3\u017cnych sytuacjach spo\u0142ecznych, opowiadaj\u0105 o swoich do\u015bwiadczeniach i reakcjach swoich oraz innych uczestnik\u00f3w relacji.<\/p>\n\n\n\n<p>Uczniowie s\u0105 wdra\u017cani do przestrzegania kulturalnego zwracania si\u0119 do siebie nawzajem, w\u0142a\u015bciwego stosowanie zwrot\u00f3w grzeczno\u015bciowych.<\/p>\n\n\n\n<p>Uwra\u017cliwiani s\u0105 na rozumienie z\u0142a, jakie niesie ze sob\u0105 przemoc fizyczna i przeciwstawianie si\u0119 takiej formie rozwi\u0105zywania konflikt\u00f3w.<\/p>\n\n\n\n<p>Ucz\u0105 si\u0119 tak\u017ce ustalania zasad na potrzeby danej grupy oraz respektowania ich.<\/p>\n","protected":false},"excerpt":{"rendered":"<p>Zaj\u0119cia kszta\u0142tuj\u0105ce kompetencje emocjonalno \u2013 spo\u0142eczne prowadzone s\u0105 z uczniami, kt\u00f3rzy ucz\u0105 si\u0119 wsp\u00f3\u0142pracowa\u0107 ze sob\u0105 w r\u00f3\u017cnych sytuacjach spo\u0142ecznych. Wielu sytuacji nie jeste\u015bmy w stanie przewidzie\u0107 i dlatego tak wa\u017cne s\u0105 umiej\u0119tno\u015bci w\u0142a\u015bciwego zachowania w r\u00f3\u017cnych okoliczno\u015bciach, w\u015br\u00f3d r\u00f3\u017cnych os\u00f3b. Wa\u017cne, aby\u015bmy mogli je przepracowa\u0107 w znanym sobie \u015brodowisku, w\u015br\u00f3d os\u00f3b znanych nam, w &hellip;<\/p>\n<p class=\"read-more\"> <a class=\"\" href=\"http:\/\/wordpress.zpswr.o12.pl\/index.php\/kompetencje-emocjonalno-spoleczne\/\"> <span class=\"screen-reader-text\">Kompetencje emocjonalno-spo\u0142eczne<\/span> Read More &raquo;<\/a><\/p>\n","protected":false},"author":1,"featured_media":0,"parent":0,"menu_order":0,"comment_status":"closed","ping_status":"closed","template":"","meta":{"footnotes":""},"class_list":["post-1290","page","type-page","status-publish","hentry"],"_links":{"self":[{"href":"http:\/\/wordpress.zpswr.o12.pl\/index.php\/wp-json\/wp\/v2\/pages\/1290","targetHints":{"allow":["GET"]}}],"collection":[{"href":"http:\/\/wordpress.zpswr.o12.pl\/index.php\/wp-json\/wp\/v2\/pages"}],"about":[{"href":"http:\/\/wordpress.zpswr.o12.pl\/index.php\/wp-json\/wp\/v2\/types\/page"}],"author":[{"embeddable":true,"href":"http:\/\/wordpress.zpswr.o12.pl\/index.php\/wp-json\/wp\/v2\/users\/1"}],"replies":[{"embeddable":true,"href":"http:\/\/wordpress.zpswr.o12.pl\/index.php\/wp-json\/wp\/v2\/comments?post=1290"}],"version-history":[{"count":1,"href":"http:\/\/wordpress.zpswr.o12.pl\/index.php\/wp-json\/wp\/v2\/pages\/1290\/revisions"}],"predecessor-version":[{"id":1292,"href":"http:\/\/wordpress.zpswr.o12.pl\/index.php\/wp-json\/wp\/v2\/pages\/1290\/revisions\/1292"}],"wp:attachment":[{"href":"http:\/\/wordpress.zpswr.o12.pl\/index.php\/wp-json\/wp\/v2\/media?parent=1290"}],"curies":[{"name":"wp","href":"https:\/\/api.w.org\/{rel}","templated":true}]}}