{"id":1185,"date":"2021-10-08T18:02:32","date_gmt":"2021-10-08T18:02:32","guid":{"rendered":"http:\/\/wordpress.zpswr.o12.pl\/?page_id=1185"},"modified":"2021-10-10T11:39:06","modified_gmt":"2021-10-10T10:39:06","slug":"zakamarek-ekotriki-na-kaciki","status":"publish","type":"page","link":"http:\/\/wordpress.zpswr.o12.pl\/index.php\/zakamarek-ekotriki-na-kaciki\/","title":{"rendered":"\u201eZakamarek \u2013 ekotriki na k\u0105ciki\u201d"},"content":{"rendered":"\n<figure class=\"wp-block-image size-full\"><img loading=\"lazy\" decoding=\"async\" width=\"1448\" height=\"2048\" src=\"http:\/\/wordpress.zpswr.o12.pl\/wp-content\/uploads\/2021\/10\/243766097_4547143172033086_6556007072669808827_n.jpg\" alt=\"\" class=\"wp-image-1306\"\/><\/figure>\n\n\n\n<p>G\u0142\u00f3wne cele projektu to:<\/p>\n\n\n\n<ul class=\"wp-block-list\"><li>stymulowanie dzieci do samodzielnej eksploracji \u015bwiata <\/li><li>rozbudzanie wyobra\u017ani, kreatywno\u015bci, rozwijanie zdolno\u015bci artystycznych<\/li><li>wdra\u017canie do zachowa\u0144 akceptowanych spo\u0142ecznie, kszta\u0142towanie pozytywnych cech charakteru (ch\u0119\u0107 niesienia pomocy innym, empatia, odpowiedzialno\u015b\u0107) <\/li><li>aran\u017cacja k\u0105cik\u00f3w i ich wyposa\u017cenia z uwzgl\u0119dnieniem materia\u0142\u00f3w naturalnych i ekologicznych <\/li><li>budzenie zainteresowania najbli\u017csz\u0105 okolic\u0105 i regionem<\/li><li>zrozumienie wzajemnej zale\u017cno\u015bci cz\u0142owiek \u2013 przyroda<\/li><li>kszta\u0142towanie i utrwalanie zachowa\u0144 proekologicznych, prawid\u0142owych nawyk\u00f3w \u017cywieniowych <\/li><li>tworzenie okazji do poznawania rzeczywisto\u015bci przyrodniczo &#8211; ekologicznej poprzez obserwowanie, odkrywanie i eksperymentowanie<\/li><li>wyrabianie emocjonalnego stosunku wobec natury, rozwijanie wra\u017cliwo\u015bci na potrzeby \u015brodowiska naturalnego <\/li><li>nawi\u0105zanie wsp\u00f3\u0142pracy z plac\u00f3wkami dzia\u0142aj\u0105cymi na terenie Polski.<\/li><\/ul>\n","protected":false},"excerpt":{"rendered":"<p>G\u0142\u00f3wne cele projektu to: stymulowanie dzieci do samodzielnej eksploracji \u015bwiata rozbudzanie wyobra\u017ani, kreatywno\u015bci, rozwijanie zdolno\u015bci artystycznych wdra\u017canie do zachowa\u0144 akceptowanych spo\u0142ecznie, kszta\u0142towanie pozytywnych cech charakteru (ch\u0119\u0107 niesienia pomocy innym, empatia, odpowiedzialno\u015b\u0107) aran\u017cacja k\u0105cik\u00f3w i ich wyposa\u017cenia z uwzgl\u0119dnieniem materia\u0142\u00f3w naturalnych i ekologicznych budzenie zainteresowania najbli\u017csz\u0105 okolic\u0105 i regionem zrozumienie wzajemnej zale\u017cno\u015bci cz\u0142owiek \u2013 przyroda kszta\u0142towanie &hellip;<\/p>\n<p class=\"read-more\"> <a class=\"\" href=\"http:\/\/wordpress.zpswr.o12.pl\/index.php\/zakamarek-ekotriki-na-kaciki\/\"> <span class=\"screen-reader-text\">\u201eZakamarek \u2013 ekotriki na k\u0105ciki\u201d<\/span> Read More &raquo;<\/a><\/p>\n","protected":false},"author":1,"featured_media":0,"parent":0,"menu_order":0,"comment_status":"closed","ping_status":"closed","template":"","meta":{"footnotes":""},"class_list":["post-1185","page","type-page","status-publish","hentry"],"_links":{"self":[{"href":"http:\/\/wordpress.zpswr.o12.pl\/index.php\/wp-json\/wp\/v2\/pages\/1185","targetHints":{"allow":["GET"]}}],"collection":[{"href":"http:\/\/wordpress.zpswr.o12.pl\/index.php\/wp-json\/wp\/v2\/pages"}],"about":[{"href":"http:\/\/wordpress.zpswr.o12.pl\/index.php\/wp-json\/wp\/v2\/types\/page"}],"author":[{"embeddable":true,"href":"http:\/\/wordpress.zpswr.o12.pl\/index.php\/wp-json\/wp\/v2\/users\/1"}],"replies":[{"embeddable":true,"href":"http:\/\/wordpress.zpswr.o12.pl\/index.php\/wp-json\/wp\/v2\/comments?post=1185"}],"version-history":[{"count":3,"href":"http:\/\/wordpress.zpswr.o12.pl\/index.php\/wp-json\/wp\/v2\/pages\/1185\/revisions"}],"predecessor-version":[{"id":1307,"href":"http:\/\/wordpress.zpswr.o12.pl\/index.php\/wp-json\/wp\/v2\/pages\/1185\/revisions\/1307"}],"wp:attachment":[{"href":"http:\/\/wordpress.zpswr.o12.pl\/index.php\/wp-json\/wp\/v2\/media?parent=1185"}],"curies":[{"name":"wp","href":"https:\/\/api.w.org\/{rel}","templated":true}]}}