{"id":1065,"date":"2021-10-07T14:47:03","date_gmt":"2021-10-07T14:47:03","guid":{"rendered":"http:\/\/wordpress.zpswr.o12.pl\/?page_id=1065"},"modified":"2021-10-16T18:44:01","modified_gmt":"2021-10-16T17:44:01","slug":"integracja-sensoryczna","status":"publish","type":"page","link":"http:\/\/wordpress.zpswr.o12.pl\/index.php\/integracja-sensoryczna\/","title":{"rendered":"Integracja sensoryczna"},"content":{"rendered":"\t\t<div data-elementor-type=\"wp-page\" data-elementor-id=\"1065\" class=\"elementor elementor-1065\" data-elementor-settings=\"[]\">\n\t\t\t\t\t\t\t<div class=\"elementor-section-wrap\">\n\t\t\t\t\t\t\t<section class=\"elementor-section elementor-top-section elementor-element elementor-element-7d8a29b3 elementor-section-boxed elementor-section-height-default elementor-section-height-default\" data-id=\"7d8a29b3\" data-element_type=\"section\">\n\t\t\t\t\t\t<div class=\"elementor-container elementor-column-gap-default\">\n\t\t\t\t\t<div class=\"elementor-column elementor-col-100 elementor-top-column elementor-element elementor-element-685afcfc\" data-id=\"685afcfc\" data-element_type=\"column\">\n\t\t\t<div class=\"elementor-widget-wrap elementor-element-populated\">\n\t\t\t\t\t\t\t\t<div class=\"elementor-element elementor-element-49130487 elementor-widget elementor-widget-text-editor\" data-id=\"49130487\" data-element_type=\"widget\" data-widget_type=\"text-editor.default\">\n\t\t\t\t<div class=\"elementor-widget-container\">\n\t\t\t\t\t\t\t<!-- wp:paragraph -->\n<p>Terapia SI ma na celu zwi\u0119kszenie zdolno\u015bci m\u00f3zgu do odbioru bod\u017ac\u00f3w p\u0142yn\u0105cych z otoczenia aby m\u00f3c je w odpowiedni spos\u00f3b odczyta\u0107, zapami\u0119ta\u0107, posegregowa\u0107 i wykorzysta\u0107 w dzia\u0142aniu, adekwatnie do danej sytuacji.<\/p>\n<!-- \/wp:paragraph -->\n\n<!-- wp:paragraph -->\n<p>Podczas terapii usprawniane s\u0105 w szczeg\u00f3lno\u015bci: uk\u0142ad przedsionkowy, proprioceptywny (czucia g\u0142\u0119bokiego), dotyku.<\/p>\n<!-- \/wp:paragraph -->\n\n<!-- wp:paragraph -->\n<p>Zaj\u0119cia prowadzone s\u0105 przez wykwalifikowanego terapeut\u0119 w sali wyposa\u017conej w odpowiedni sprz\u0119t do terapii SI.<\/p>\n<!-- \/wp:paragraph -->\n\n<!-- wp:list -->\n<ul><li>Efekty jakie mo\u017cna zauwa\u017cy\u0107 to:<\/li><li>Poprawa r\u00f3wnowagi i koordynacji ruchowej<\/li><li>Lepsze planowanie motoryczne<\/li><li>Usprawnienie przekraczania linii \u015brodkowej cia\u0142a<\/li><li>Poprawa sprawno\u015bci w zakresie du\u017cej i ma\u0142ej motoryki<\/li><li>Wyd\u0142u\u017cenie czasu koncentracji uwagi<\/li><li>Usprawnienie zdolno\u015bci wzrokowych i s\u0142uchowych<\/li><li>Poprawa funkcjonowania emocjonalnego i samodzielno\u015bci<\/li><li>Lepsza samo\u015bwiadomo\u015b\u0107 i samoocena<\/li><\/ul>\n<!-- \/wp:list -->\t\t\t\t\t\t<\/div>\n\t\t\t\t<\/div>\n\t\t\t\t\t<\/div>\n\t\t<\/div>\n\t\t\t\t\t\t\t<\/div>\n\t\t<\/section>\n\t\t\t\t<section class=\"elementor-section elementor-top-section elementor-element elementor-element-00e6e60 elementor-section-boxed elementor-section-height-default elementor-section-height-default\" data-id=\"00e6e60\" data-element_type=\"section\">\n\t\t\t\t\t\t<div class=\"elementor-container elementor-column-gap-default\">\n\t\t\t\t\t<div class=\"elementor-column elementor-col-100 elementor-top-column elementor-element elementor-element-7e65713\" data-id=\"7e65713\" data-element_type=\"column\">\n\t\t\t<div class=\"elementor-widget-wrap elementor-element-populated\">\n\t\t\t\t\t\t\t\t<div class=\"elementor-element elementor-element-01f446f elementor-arrows-position-inside elementor-pagination-position-outside elementor-widget elementor-widget-image-carousel\" data-id=\"01f446f\" data-element_type=\"widget\" data-settings=\"{&quot;navigation&quot;:&quot;both&quot;,&quot;autoplay&quot;:&quot;yes&quot;,&quot;pause_on_hover&quot;:&quot;yes&quot;,&quot;pause_on_interaction&quot;:&quot;yes&quot;,&quot;autoplay_speed&quot;:5000,&quot;infinite&quot;:&quot;yes&quot;,&quot;speed&quot;:500}\" data-widget_type=\"image-carousel.default\">\n\t\t\t\t<div class=\"elementor-widget-container\">\n\t\t\t\t\t<div class=\"elementor-image-carousel-wrapper swiper-container\" dir=\"ltr\">\n\t\t\t<div class=\"elementor-image-carousel swiper-wrapper\">\n\t\t\t\t\t\t\t\t<div class=\"swiper-slide\"><figure class=\"swiper-slide-inner\"><img decoding=\"async\" class=\"swiper-slide-image\" src=\"http:\/\/wordpress.zpswr.o12.pl\/wp-content\/uploads\/2021\/10\/246286626_1575894706089626_7893494939318470041_n.jpg\" alt=\"246286626_1575894706089626_7893494939318470041_n\" \/><\/figure><\/div><div class=\"swiper-slide\"><figure class=\"swiper-slide-inner\"><img decoding=\"async\" class=\"swiper-slide-image\" src=\"http:\/\/wordpress.zpswr.o12.pl\/wp-content\/uploads\/2021\/10\/245588786_1046980606058882_372587372976844847_n.jpg\" alt=\"245588786_1046980606058882_372587372976844847_n\" \/><\/figure><\/div><div class=\"swiper-slide\"><figure class=\"swiper-slide-inner\"><img decoding=\"async\" class=\"swiper-slide-image\" src=\"http:\/\/wordpress.zpswr.o12.pl\/wp-content\/uploads\/2021\/10\/245508942_365676315344547_2017772120120999133_n.jpg\" alt=\"245508942_365676315344547_2017772120120999133_n\" \/><\/figure><\/div><div class=\"swiper-slide\"><figure class=\"swiper-slide-inner\"><img decoding=\"async\" class=\"swiper-slide-image\" src=\"http:\/\/wordpress.zpswr.o12.pl\/wp-content\/uploads\/2021\/10\/245501917_559063765374531_2926145963413842037_n.jpg\" alt=\"245501917_559063765374531_2926145963413842037_n\" \/><\/figure><\/div><div class=\"swiper-slide\"><figure class=\"swiper-slide-inner\"><img decoding=\"async\" class=\"swiper-slide-image\" src=\"http:\/\/wordpress.zpswr.o12.pl\/wp-content\/uploads\/2021\/10\/245437861_213240704234843_9019573092080314776_n.jpg\" alt=\"245437861_213240704234843_9019573092080314776_n\" \/><\/figure><\/div>\t\t\t<\/div>\n\t\t\t\t\t\t\t\t\t\t\t\t<div class=\"swiper-pagination\"><\/div>\n\t\t\t\t\t\t\t\t\t\t\t\t\t<div class=\"elementor-swiper-button elementor-swiper-button-prev\">\n\t\t\t\t\t\t<i class=\"eicon-chevron-left\" aria-hidden=\"true\"><\/i>\n\t\t\t\t\t\t<span class=\"elementor-screen-only\">Poprzednie<\/span>\n\t\t\t\t\t<\/div>\n\t\t\t\t\t<div class=\"elementor-swiper-button elementor-swiper-button-next\">\n\t\t\t\t\t\t<i class=\"eicon-chevron-right\" aria-hidden=\"true\"><\/i>\n\t\t\t\t\t\t<span class=\"elementor-screen-only\">Nast\u0119pne<\/span>\n\t\t\t\t\t<\/div>\n\t\t\t\t\t\t\t\t\t<\/div>\n\t\t\t\t<\/div>\n\t\t\t\t<\/div>\n\t\t\t\t\t<\/div>\n\t\t<\/div>\n\t\t\t\t\t\t\t<\/div>\n\t\t<\/section>\n\t\t\t\t\t\t<\/div>\n\t\t\t\t\t<\/div>\n\t\t","protected":false},"excerpt":{"rendered":"<p>Terapia SI ma na celu zwi\u0119kszenie zdolno\u015bci m\u00f3zgu do odbioru bod\u017ac\u00f3w p\u0142yn\u0105cych z otoczenia aby m\u00f3c je w odpowiedni spos\u00f3b odczyta\u0107, zapami\u0119ta\u0107, posegregowa\u0107 i wykorzysta\u0107 w dzia\u0142aniu, adekwatnie do danej sytuacji. Podczas terapii usprawniane s\u0105 w szczeg\u00f3lno\u015bci: uk\u0142ad przedsionkowy, proprioceptywny (czucia g\u0142\u0119bokiego), dotyku. Zaj\u0119cia prowadzone s\u0105 przez wykwalifikowanego terapeut\u0119 w sali wyposa\u017conej w odpowiedni sprz\u0119t &hellip;<\/p>\n<p class=\"read-more\"> <a class=\"\" href=\"http:\/\/wordpress.zpswr.o12.pl\/index.php\/integracja-sensoryczna\/\"> <span class=\"screen-reader-text\">Integracja sensoryczna<\/span> Read More &raquo;<\/a><\/p>\n","protected":false},"author":1,"featured_media":0,"parent":0,"menu_order":0,"comment_status":"closed","ping_status":"closed","template":"","meta":{"footnotes":""},"class_list":["post-1065","page","type-page","status-publish","hentry"],"_links":{"self":[{"href":"http:\/\/wordpress.zpswr.o12.pl\/index.php\/wp-json\/wp\/v2\/pages\/1065","targetHints":{"allow":["GET"]}}],"collection":[{"href":"http:\/\/wordpress.zpswr.o12.pl\/index.php\/wp-json\/wp\/v2\/pages"}],"about":[{"href":"http:\/\/wordpress.zpswr.o12.pl\/index.php\/wp-json\/wp\/v2\/types\/page"}],"author":[{"embeddable":true,"href":"http:\/\/wordpress.zpswr.o12.pl\/index.php\/wp-json\/wp\/v2\/users\/1"}],"replies":[{"embeddable":true,"href":"http:\/\/wordpress.zpswr.o12.pl\/index.php\/wp-json\/wp\/v2\/comments?post=1065"}],"version-history":[{"count":4,"href":"http:\/\/wordpress.zpswr.o12.pl\/index.php\/wp-json\/wp\/v2\/pages\/1065\/revisions"}],"predecessor-version":[{"id":1398,"href":"http:\/\/wordpress.zpswr.o12.pl\/index.php\/wp-json\/wp\/v2\/pages\/1065\/revisions\/1398"}],"wp:attachment":[{"href":"http:\/\/wordpress.zpswr.o12.pl\/index.php\/wp-json\/wp\/v2\/media?parent=1065"}],"curies":[{"name":"wp","href":"https:\/\/api.w.org\/{rel}","templated":true}]}}